{"id":513996,"date":"2025-06-03T03:11:01","date_gmt":"2025-06-03T01:11:01","guid":{"rendered":"https:\/\/lucacastelli.com\/prodotto\/stihl-advance-kurzarm-funktionsshirt\/"},"modified":"2025-06-03T03:11:01","modified_gmt":"2025-06-03T01:11:01","slug":"stihl-advance-kurzarm-funktionsshirt","status":"publish","type":"product","link":"https:\/\/lucacastelli.com\/de\/produkt\/stihl-advance-kurzarm-funktionsshirt\/","title":{"rendered":"STIHL ADVANCE Kurzarm-Funktionsshirt"},"content":{"rendered":"<p>Kleidungsst\u00fccke, die sich besonders f\u00fcr Arbeiten in der Natur eignen. Nahtlos integrierte Teile bieten Schutz und sorgen f\u00fcr ein ideales K\u00f6rperklima. Mehrere eingearbeitete Schichten sorgen f\u00fcr guten Feuchtigkeitstransport und schnelle Trocknung. Eingebaute Silberf\u00e4den neutralisieren Ger\u00fcche.   <\/p>\n<p>ATMUNGSAKTIVIT\u00c4T 1<br \/>\nK\u00c4LTESCHUTZ<br \/>\nALL-STRETCH<\/p>\n","protected":false},"excerpt":{"rendered":"<p>Kleidungsst\u00fccke, die sich besonders f\u00fcr Arbeiten in der Natur eignen. Nahtlos integrierte Teile bieten Schutz und sorgen f\u00fcr ein ideales<\/p>\n","protected":false},"featured_media":482148,"template":"","meta":{"_seopress_robots_primary_cat":"none","_seopress_titles_title":"","_seopress_titles_desc":"","_seopress_robots_index":""},"product_brand":[3554],"product_cat":[1382,82],"product_tag":[3266],"class_list":{"0":"post-513996","1":"product","2":"type-product","3":"status-publish","4":"has-post-thumbnail","6":"product_brand-stihl-de","7":"product_cat-arbeitskleidung","8":"product_cat-kleidung","9":"product_tag-import-stihl-de","10":"sws-conto-ricavi-merci-rivendita-abbigliamento-de","11":"sws-gruppo-iva-iva81-de","13":"first","14":"instock","15":"shipping-taxable","16":"purchasable","17":"product-type-variable"},"_links":{"self":[{"href":"https:\/\/lucacastelli.com\/de\/wp-json\/wp\/v2\/product\/513996","targetHints":{"allow":["GET"]}}],"collection":[{"href":"https:\/\/lucacastelli.com\/de\/wp-json\/wp\/v2\/product"}],"about":[{"href":"https:\/\/lucacastelli.com\/de\/wp-json\/wp\/v2\/types\/product"}],"wp:featuredmedia":[{"embeddable":true,"href":"https:\/\/lucacastelli.com\/de\/wp-json\/wp\/v2\/media\/482148"}],"wp:attachment":[{"href":"https:\/\/lucacastelli.com\/de\/wp-json\/wp\/v2\/media?parent=513996"}],"wp:term":[{"taxonomy":"product_brand","embeddable":true,"href":"https:\/\/lucacastelli.com\/de\/wp-json\/wp\/v2\/product_brand?post=513996"},{"taxonomy":"product_cat","embeddable":true,"href":"https:\/\/lucacastelli.com\/de\/wp-json\/wp\/v2\/product_cat?post=513996"},{"taxonomy":"product_tag","embeddable":true,"href":"https:\/\/lucacastelli.com\/de\/wp-json\/wp\/v2\/product_tag?post=513996"}],"curies":[{"name":"wp","href":"https:\/\/api.w.org\/{rel}","templated":true}]}}