{"id":513990,"date":"2025-06-06T01:57:15","date_gmt":"2025-06-05T23:57:15","guid":{"rendered":"https:\/\/lucacastelli.com\/prodotto\/stihl-hoodie-small-axe-schwarz\/"},"modified":"2025-06-06T01:57:15","modified_gmt":"2025-06-05T23:57:15","slug":"stihl-hoodie-small-axe-schwarz","status":"publish","type":"product","link":"https:\/\/lucacastelli.com\/de\/produkt\/stihl-hoodie-small-axe-schwarz\/","title":{"rendered":"STIHL Hoodie SMALL AXE schwarz"},"content":{"rendered":"<p>Bequemes Kapuzensweatshirt mit Kordelzug und hochwertigen Metall\u00f6sen. Die &#8220;STIHL TIMBERSPORTS\u00ae&#8221;-Details: Wappen aus<br \/>\nStoff mit Logo auf dem \u00c4rmel und Druck auf der Innenseite, gekreuzte \u00c4xte<br \/>\nauf der Brust, gedruckt in auff\u00e4lligem Orange auf schwarzem Grund. Auch<br \/>\ndie Kapuze ist mit einem orangen Band eingefasst.<br \/>\n886661523610  <\/p>\n<p>Zielgruppe M\u00e4nner<br \/>\nGr\u00f6\u00dfenbezeichnung DE Gr\u00f6\u00dfenbezeichnung DE<\/p>\n<p>Farbe Farbe<\/p>\n","protected":false},"excerpt":{"rendered":"<p>Bequemes Kapuzensweatshirt mit Kordelzug und hochwertigen Metall\u00f6sen. Die &#8220;STIHL TIMBERSPORTS\u00ae&#8221;-Details: Wappen aus Stoff mit Logo auf dem \u00c4rmel und Druck<\/p>\n","protected":false},"featured_media":439547,"template":"","meta":{"_seopress_robots_primary_cat":"none","_seopress_titles_title":"","_seopress_titles_desc":"","_seopress_robots_index":""},"product_brand":[3554],"product_cat":[974,975,82],"product_tag":[3266],"class_list":{"0":"post-513990","1":"product","2":"type-product","3":"status-publish","4":"has-post-thumbnail","6":"product_brand-stihl-de","7":"product_cat-freizeitkleidung","8":"product_cat-herrenbekleidung","9":"product_cat-kleidung","10":"product_tag-import-stihl-de","11":"sws-conto-ricavi-merci-rivendita-abbigliamento-de","12":"sws-gruppo-iva-iva81-de","14":"first","15":"instock","16":"shipping-taxable","17":"purchasable","18":"product-type-variable"},"_links":{"self":[{"href":"https:\/\/lucacastelli.com\/de\/wp-json\/wp\/v2\/product\/513990","targetHints":{"allow":["GET"]}}],"collection":[{"href":"https:\/\/lucacastelli.com\/de\/wp-json\/wp\/v2\/product"}],"about":[{"href":"https:\/\/lucacastelli.com\/de\/wp-json\/wp\/v2\/types\/product"}],"wp:featuredmedia":[{"embeddable":true,"href":"https:\/\/lucacastelli.com\/de\/wp-json\/wp\/v2\/media\/439547"}],"wp:attachment":[{"href":"https:\/\/lucacastelli.com\/de\/wp-json\/wp\/v2\/media?parent=513990"}],"wp:term":[{"taxonomy":"product_brand","embeddable":true,"href":"https:\/\/lucacastelli.com\/de\/wp-json\/wp\/v2\/product_brand?post=513990"},{"taxonomy":"product_cat","embeddable":true,"href":"https:\/\/lucacastelli.com\/de\/wp-json\/wp\/v2\/product_cat?post=513990"},{"taxonomy":"product_tag","embeddable":true,"href":"https:\/\/lucacastelli.com\/de\/wp-json\/wp\/v2\/product_tag?post=513990"}],"curies":[{"name":"wp","href":"https:\/\/api.w.org\/{rel}","templated":true}]}}