{"id":513974,"date":"2025-06-04T02:00:41","date_gmt":"2025-06-04T00:00:41","guid":{"rendered":"https:\/\/lucacastelli.com\/prodotto\/stihl-sensotouch-function-arbeitshandschuhe\/"},"modified":"2025-06-04T02:00:41","modified_gmt":"2025-06-04T00:00:41","slug":"stihl-sensotouch-function-arbeitshandschuhe","status":"publish","type":"product","link":"https:\/\/lucacastelli.com\/de\/produkt\/stihl-sensotouch-function-arbeitshandschuhe\/","title":{"rendered":"STIHL SensoTouch FUNCTION Arbeitshandschuhe"},"content":{"rendered":"<p>Smartphones und Tablets geh\u00f6ren zu unserem t\u00e4glichen Leben. Um Ihre digitalen Begleiter zu nutzen, m\u00fcssen Sie den FUNCTION SensoTouch Universalhandschuh nicht ausziehen.<br \/>\n886661334162 <\/p>\n","protected":false},"excerpt":{"rendered":"<p>Smartphones und Tablets geh\u00f6ren zu unserem t\u00e4glichen Leben. Um Ihre digitalen Begleiter zu nutzen, m\u00fcssen Sie den FUNCTION SensoTouch Universalhandschuh<\/p>\n","protected":false},"featured_media":439341,"template":"","meta":{"_seopress_robots_primary_cat":"none","_seopress_titles_title":"","_seopress_titles_desc":"","_seopress_robots_index":""},"product_brand":[3366],"product_cat":[21,284],"product_tag":[3265],"class_list":{"0":"post-513974","1":"product","2":"type-product","3":"status-publish","4":"has-post-thumbnail","6":"product_brand-stihl","7":"product_cat-abbigliamento","8":"product_cat-abbigliamento-da-lavoro","9":"product_tag-import-stihl","10":"sws-conto-ricavi-merci-rivendita-abbigliamento-de","11":"sws-gruppo-iva-iva81-de","13":"first","14":"instock","15":"shipping-taxable","16":"purchasable","17":"product-type-variable"},"_links":{"self":[{"href":"https:\/\/lucacastelli.com\/de\/wp-json\/wp\/v2\/product\/513974","targetHints":{"allow":["GET"]}}],"collection":[{"href":"https:\/\/lucacastelli.com\/de\/wp-json\/wp\/v2\/product"}],"about":[{"href":"https:\/\/lucacastelli.com\/de\/wp-json\/wp\/v2\/types\/product"}],"wp:featuredmedia":[{"embeddable":true,"href":"https:\/\/lucacastelli.com\/de\/wp-json\/wp\/v2\/media\/439341"}],"wp:attachment":[{"href":"https:\/\/lucacastelli.com\/de\/wp-json\/wp\/v2\/media?parent=513974"}],"wp:term":[{"taxonomy":"product_brand","embeddable":true,"href":"https:\/\/lucacastelli.com\/de\/wp-json\/wp\/v2\/product_brand?post=513974"},{"taxonomy":"product_cat","embeddable":true,"href":"https:\/\/lucacastelli.com\/de\/wp-json\/wp\/v2\/product_cat?post=513974"},{"taxonomy":"product_tag","embeddable":true,"href":"https:\/\/lucacastelli.com\/de\/wp-json\/wp\/v2\/product_tag?post=513974"}],"curies":[{"name":"wp","href":"https:\/\/api.w.org\/{rel}","templated":true}]}}