{"id":513866,"date":"2025-06-04T18:39:11","date_gmt":"2025-06-04T16:39:11","guid":{"rendered":"https:\/\/lucacastelli.com\/prodotto\/stihl-jacke-function-core\/"},"modified":"2025-08-04T16:25:22","modified_gmt":"2025-08-04T14:25:22","slug":"stihl-jacke-function-core","status":"publish","type":"product","link":"https:\/\/lucacastelli.com\/de\/produkt\/stihl-jacke-function-core\/","title":{"rendered":"STIHL Jacke FUNCTION Core"},"content":{"rendered":"<p>Leichte, atmungsaktive und strapazierf\u00e4hige Jacke. Hoher Komfort dank atmungsaktivem Material unter den Achseln und elastischem Material an Ellbogen und H\u00fcfte. Verstellbare \u00c4rmelweite, gro\u00dfe Rei\u00dfverschlusstasche und zwei Seitentaschen. Gro\u00dfe Fl\u00e4chen in Signalorange und reflektierende Elemente f\u00fcr gute Sichtbarkeit. Teilweise aus recycelten Materialien hergestellt.    <\/p>\n","protected":false},"excerpt":{"rendered":"<p>Leichte, atmungsaktive und strapazierf\u00e4hige Jacke. Hoher Komfort dank atmungsaktivem Material unter den Achseln und elastischem Material an Ellbogen und H\u00fcfte.<\/p>\n","protected":false},"featured_media":436832,"template":"","meta":{"_seopress_robots_primary_cat":"none","_seopress_titles_title":"","_seopress_titles_desc":"","_seopress_robots_index":""},"product_brand":[3554],"product_cat":[1382,82],"product_tag":[3266],"class_list":{"0":"post-513866","1":"product","2":"type-product","3":"status-publish","4":"has-post-thumbnail","6":"product_brand-stihl-de","7":"product_cat-arbeitskleidung","8":"product_cat-kleidung","9":"product_tag-import-stihl-de","11":"first","12":"instock","13":"sale","14":"shipping-taxable","15":"purchasable","16":"product-type-variable"},"_links":{"self":[{"href":"https:\/\/lucacastelli.com\/de\/wp-json\/wp\/v2\/product\/513866","targetHints":{"allow":["GET"]}}],"collection":[{"href":"https:\/\/lucacastelli.com\/de\/wp-json\/wp\/v2\/product"}],"about":[{"href":"https:\/\/lucacastelli.com\/de\/wp-json\/wp\/v2\/types\/product"}],"wp:featuredmedia":[{"embeddable":true,"href":"https:\/\/lucacastelli.com\/de\/wp-json\/wp\/v2\/media\/436832"}],"wp:attachment":[{"href":"https:\/\/lucacastelli.com\/de\/wp-json\/wp\/v2\/media?parent=513866"}],"wp:term":[{"taxonomy":"product_brand","embeddable":true,"href":"https:\/\/lucacastelli.com\/de\/wp-json\/wp\/v2\/product_brand?post=513866"},{"taxonomy":"product_cat","embeddable":true,"href":"https:\/\/lucacastelli.com\/de\/wp-json\/wp\/v2\/product_cat?post=513866"},{"taxonomy":"product_tag","embeddable":true,"href":"https:\/\/lucacastelli.com\/de\/wp-json\/wp\/v2\/product_tag?post=513866"}],"curies":[{"name":"wp","href":"https:\/\/api.w.org\/{rel}","templated":true}]}}