{"id":513833,"date":"2025-06-04T18:24:51","date_gmt":"2025-06-04T16:24:51","guid":{"rendered":"https:\/\/lucacastelli.com\/prodotto\/stihl-dynamic-durotec-jacke\/"},"modified":"2025-06-04T18:24:51","modified_gmt":"2025-06-04T16:24:51","slug":"stihl-dynamic-durotec-jacke","status":"publish","type":"product","link":"https:\/\/lucacastelli.com\/de\/produkt\/stihl-dynamic-durotec-jacke\/","title":{"rendered":"STIHL DYNAMIC DuroTEC Jacke"},"content":{"rendered":"<p>Leichte, sehr bequeme Ganzjahres-Arbeitsjacke f\u00fcr Privatpersonen und Profis. Ideal f\u00fcr Forstwirtschaft, Gartenbau und landwirtschaftliche Arbeiten. Funktioneller Materialmix aus robusten und flexiblen Stoffen f\u00fcr viel Bewegungsfreiheit und Langlebigkeit. Angenehmes K\u00f6rperklima. Mit verstellbaren Bel\u00fcftungs\u00f6ffnungen unter den Armen und vier praktischen Rei\u00dfverschlusstaschen. Hervorragende Sichtbarkeit durch High-Visibility-Orange und reflektierende Details.     <\/p>\n<p>&nbsp;<\/p>\n","protected":false},"excerpt":{"rendered":"<p>Leichte, sehr bequeme Ganzjahres-Arbeitsjacke f\u00fcr Privatpersonen und Profis. Ideal f\u00fcr Forstwirtschaft, Gartenbau und landwirtschaftliche Arbeiten. Funktioneller Materialmix aus robusten und<\/p>\n","protected":false},"featured_media":436707,"template":"","meta":{"_seopress_robots_primary_cat":"none","_seopress_titles_title":"","_seopress_titles_desc":"","_seopress_robots_index":""},"product_brand":[3366],"product_cat":[21,284],"product_tag":[3265],"class_list":{"0":"post-513833","1":"product","2":"type-product","3":"status-publish","4":"has-post-thumbnail","6":"product_brand-stihl","7":"product_cat-abbigliamento","8":"product_cat-abbigliamento-da-lavoro","9":"product_tag-import-stihl","10":"sws-conto-ricavi-merci-rivendita-abbigliamento-de","11":"sws-gruppo-iva-iva81-de","13":"first","14":"instock","15":"sale","16":"shipping-taxable","17":"purchasable","18":"product-type-variable"},"_links":{"self":[{"href":"https:\/\/lucacastelli.com\/de\/wp-json\/wp\/v2\/product\/513833","targetHints":{"allow":["GET"]}}],"collection":[{"href":"https:\/\/lucacastelli.com\/de\/wp-json\/wp\/v2\/product"}],"about":[{"href":"https:\/\/lucacastelli.com\/de\/wp-json\/wp\/v2\/types\/product"}],"wp:featuredmedia":[{"embeddable":true,"href":"https:\/\/lucacastelli.com\/de\/wp-json\/wp\/v2\/media\/436707"}],"wp:attachment":[{"href":"https:\/\/lucacastelli.com\/de\/wp-json\/wp\/v2\/media?parent=513833"}],"wp:term":[{"taxonomy":"product_brand","embeddable":true,"href":"https:\/\/lucacastelli.com\/de\/wp-json\/wp\/v2\/product_brand?post=513833"},{"taxonomy":"product_cat","embeddable":true,"href":"https:\/\/lucacastelli.com\/de\/wp-json\/wp\/v2\/product_cat?post=513833"},{"taxonomy":"product_tag","embeddable":true,"href":"https:\/\/lucacastelli.com\/de\/wp-json\/wp\/v2\/product_tag?post=513833"}],"curies":[{"name":"wp","href":"https:\/\/api.w.org\/{rel}","templated":true}]}}