{"id":513760,"date":"2025-06-04T18:01:22","date_gmt":"2025-06-04T16:01:22","guid":{"rendered":"https:\/\/lucacastelli.com\/prodotto\/stihl-advance-x-flex-riemen-2\/"},"modified":"2025-06-04T18:01:22","modified_gmt":"2025-06-04T16:01:22","slug":"stihl-advance-x-flex-riemen-2","status":"publish","type":"product","link":"https:\/\/lucacastelli.com\/de\/produkt\/stihl-advance-x-flex-riemen-2\/","title":{"rendered":"STIHL ADVANCE X-Flex Riemen"},"content":{"rendered":"<p>Gepolsterter Gurt mit \u00d6sen f\u00fcr Schultergurt und FS-Gurt. Mit Stange zur Befestigung von Taschen und Gep\u00e4cktr\u00e4gern mit STIHL Clip-System. Robustes Aluminiumgeh\u00e4use. Bauchpolsterung als Zubeh\u00f6r f\u00fcr noch mehr Komfort.<\/p>\n","protected":false},"excerpt":{"rendered":"<p>Gepolsterter Gurt mit \u00d6sen f\u00fcr Schultergurt und FS-Gurt. Mit Stange zur Befestigung von Taschen und Gep\u00e4cktr\u00e4gern mit STIHL Clip-System. Robustes<\/p>\n","protected":false},"featured_media":436373,"template":"","meta":{"_seopress_robots_primary_cat":"none","_seopress_titles_title":"","_seopress_titles_desc":"","_seopress_robots_index":""},"product_brand":[3554],"product_cat":[82,1382],"product_tag":[3266],"class_list":{"0":"post-513760","1":"product","2":"type-product","3":"status-publish","4":"has-post-thumbnail","6":"product_brand-stihl-de","7":"product_cat-kleidung","8":"product_cat-arbeitskleidung","9":"product_tag-import-stihl-de","10":"sws-conto-ricavi-merci-rivendita-abbigliamento-de","11":"sws-gruppo-iva-iva81-de","13":"first","14":"instock","15":"shipping-taxable","16":"purchasable","17":"product-type-variable"},"_links":{"self":[{"href":"https:\/\/lucacastelli.com\/de\/wp-json\/wp\/v2\/product\/513760","targetHints":{"allow":["GET"]}}],"collection":[{"href":"https:\/\/lucacastelli.com\/de\/wp-json\/wp\/v2\/product"}],"about":[{"href":"https:\/\/lucacastelli.com\/de\/wp-json\/wp\/v2\/types\/product"}],"wp:featuredmedia":[{"embeddable":true,"href":"https:\/\/lucacastelli.com\/de\/wp-json\/wp\/v2\/media\/436373"}],"wp:attachment":[{"href":"https:\/\/lucacastelli.com\/de\/wp-json\/wp\/v2\/media?parent=513760"}],"wp:term":[{"taxonomy":"product_brand","embeddable":true,"href":"https:\/\/lucacastelli.com\/de\/wp-json\/wp\/v2\/product_brand?post=513760"},{"taxonomy":"product_cat","embeddable":true,"href":"https:\/\/lucacastelli.com\/de\/wp-json\/wp\/v2\/product_cat?post=513760"},{"taxonomy":"product_tag","embeddable":true,"href":"https:\/\/lucacastelli.com\/de\/wp-json\/wp\/v2\/product_tag?post=513760"}],"curies":[{"name":"wp","href":"https:\/\/api.w.org\/{rel}","templated":true}]}}