{"id":513728,"date":"2025-06-04T22:08:46","date_gmt":"2025-06-04T20:08:46","guid":{"rendered":"https:\/\/lucacastelli.com\/prodotto\/stihl-logo-circle-poloshirt-schwarz\/"},"modified":"2025-06-04T22:08:46","modified_gmt":"2025-06-04T20:08:46","slug":"stihl-logo-circle-poloshirt-schwarz","status":"publish","type":"product","link":"https:\/\/lucacastelli.com\/de\/produkt\/stihl-logo-circle-poloshirt-schwarz\/","title":{"rendered":"STIHL LOGO CIRCLE Poloshirt schwarz"},"content":{"rendered":"<p>Regular-fit-Poloshirt aus Baumwollpiqu\u00e9,<br \/>\nSeitenschlitze und gerippte \u00c4rmelkanten mit orangefarbenen Streifen<br \/>\n. Hochwertiger, leicht gepr\u00e4gter Druck des<br \/>\nSTIHL Logos auf der Brust. Flatlock-Innenn\u00e4hte, ebenfalls in Vibrant Orange als Dekoration.  <\/p>\n<p>Zielgruppe Unisex<\/p>\n","protected":false},"excerpt":{"rendered":"<p>Regular-fit-Poloshirt aus Baumwollpiqu\u00e9, Seitenschlitze und gerippte \u00c4rmelkanten mit orangefarbenen Streifen . Hochwertiger, leicht gepr\u00e4gter Druck des STIHL Logos auf der<\/p>\n","protected":false},"featured_media":513537,"template":"","meta":{"_seopress_robots_primary_cat":"none","_seopress_titles_title":"","_seopress_titles_desc":"","_seopress_robots_index":""},"product_brand":[3554],"product_cat":[82,974,975],"product_tag":[3266],"class_list":{"0":"post-513728","1":"product","2":"type-product","3":"status-publish","4":"has-post-thumbnail","6":"product_brand-stihl-de","7":"product_cat-kleidung","8":"product_cat-freizeitkleidung","9":"product_cat-herrenbekleidung","10":"product_tag-import-stihl-de","11":"sws-conto-ricavi-merci-rivendita-abbigliamento-de","12":"sws-gruppo-iva-iva81-de","14":"first","15":"instock","16":"shipping-taxable","17":"purchasable","18":"product-type-variable"},"_links":{"self":[{"href":"https:\/\/lucacastelli.com\/de\/wp-json\/wp\/v2\/product\/513728","targetHints":{"allow":["GET"]}}],"collection":[{"href":"https:\/\/lucacastelli.com\/de\/wp-json\/wp\/v2\/product"}],"about":[{"href":"https:\/\/lucacastelli.com\/de\/wp-json\/wp\/v2\/types\/product"}],"wp:featuredmedia":[{"embeddable":true,"href":"https:\/\/lucacastelli.com\/de\/wp-json\/wp\/v2\/media\/513537"}],"wp:attachment":[{"href":"https:\/\/lucacastelli.com\/de\/wp-json\/wp\/v2\/media?parent=513728"}],"wp:term":[{"taxonomy":"product_brand","embeddable":true,"href":"https:\/\/lucacastelli.com\/de\/wp-json\/wp\/v2\/product_brand?post=513728"},{"taxonomy":"product_cat","embeddable":true,"href":"https:\/\/lucacastelli.com\/de\/wp-json\/wp\/v2\/product_cat?post=513728"},{"taxonomy":"product_tag","embeddable":true,"href":"https:\/\/lucacastelli.com\/de\/wp-json\/wp\/v2\/product_tag?post=513728"}],"curies":[{"name":"wp","href":"https:\/\/api.w.org\/{rel}","templated":true}]}}