{"id":513706,"date":"2025-06-04T19:07:57","date_gmt":"2025-06-04T17:07:57","guid":{"rendered":"https:\/\/lucacastelli.com\/prodotto\/stihl-dynamic-schnittschutz-arbeitshandschuhe\/"},"modified":"2025-08-04T16:24:43","modified_gmt":"2025-08-04T14:24:43","slug":"stihl-dynamic-schnittschutz-arbeitshandschuhe","status":"publish","type":"product","link":"https:\/\/lucacastelli.com\/de\/produkt\/stihl-dynamic-schnittschutz-arbeitshandschuhe\/","title":{"rendered":"STIHL Dynamic Schnittschutz-Arbeitshandschuhe"},"content":{"rendered":"<p>STIHL DYNAMIC Handschuhe sind ergonomisch vorgeformt. Das Innenfutter ist aus Rindsleder, das hohe Festigkeit mit guter Griffigkeit verbindet. Elastischer Handr\u00fccken mit Kn\u00f6chelschutz. Eine elastische Stulpe verhindert das Eindringen von Fremdk\u00f6rpern und st\u00fctzt die Handgelenke. Dank des Klettverschlusses an der Stulpe lassen sich die Handschuhe leicht an- und ausziehen. Schutzklasse 1 (= 20 m\/s).     <\/p>\n","protected":false},"excerpt":{"rendered":"<p>STIHL DYNAMIC Handschuhe sind ergonomisch vorgeformt. Das Innenfutter ist aus Rindsleder, das hohe Festigkeit mit guter Griffigkeit verbindet. Elastischer Handr\u00fccken<\/p>\n","protected":false},"featured_media":439153,"template":"","meta":{"_seopress_robots_primary_cat":"none","_seopress_titles_title":"","_seopress_titles_desc":"","_seopress_robots_index":""},"product_brand":[3366],"product_cat":[21,284],"product_tag":[3265],"class_list":{"0":"post-513706","1":"product","2":"type-product","3":"status-publish","4":"has-post-thumbnail","6":"product_brand-stihl","7":"product_cat-abbigliamento","8":"product_cat-abbigliamento-da-lavoro","9":"product_tag-import-stihl","10":"sws-conto-ricavi-merci-rivendita-abbigliamento-de","11":"sws-gruppo-iva-iva81-de","13":"first","14":"instock","15":"shipping-taxable","16":"purchasable","17":"product-type-variable"},"_links":{"self":[{"href":"https:\/\/lucacastelli.com\/de\/wp-json\/wp\/v2\/product\/513706","targetHints":{"allow":["GET"]}}],"collection":[{"href":"https:\/\/lucacastelli.com\/de\/wp-json\/wp\/v2\/product"}],"about":[{"href":"https:\/\/lucacastelli.com\/de\/wp-json\/wp\/v2\/types\/product"}],"wp:featuredmedia":[{"embeddable":true,"href":"https:\/\/lucacastelli.com\/de\/wp-json\/wp\/v2\/media\/439153"}],"wp:attachment":[{"href":"https:\/\/lucacastelli.com\/de\/wp-json\/wp\/v2\/media?parent=513706"}],"wp:term":[{"taxonomy":"product_brand","embeddable":true,"href":"https:\/\/lucacastelli.com\/de\/wp-json\/wp\/v2\/product_brand?post=513706"},{"taxonomy":"product_cat","embeddable":true,"href":"https:\/\/lucacastelli.com\/de\/wp-json\/wp\/v2\/product_cat?post=513706"},{"taxonomy":"product_tag","embeddable":true,"href":"https:\/\/lucacastelli.com\/de\/wp-json\/wp\/v2\/product_tag?post=513706"}],"curies":[{"name":"wp","href":"https:\/\/api.w.org\/{rel}","templated":true}]}}