{"id":513690,"date":"2025-06-01T03:50:42","date_gmt":"2025-06-01T01:50:42","guid":{"rendered":"https:\/\/lucacastelli.com\/prodotto\/stihl-icon-daunenjacke-groesse-xxl\/"},"modified":"2025-06-01T03:50:42","modified_gmt":"2025-06-01T01:50:42","slug":"stihl-icon-daunenjacke-groesse-xxl","status":"publish","type":"product","link":"https:\/\/lucacastelli.com\/de\/produkt\/stihl-icon-daunenjacke-groesse-xxl\/","title":{"rendered":"STIHL ICON Daunenjacke, Gr\u00f6\u00dfe XXL"},"content":{"rendered":"<p>Die leichte, voll gesteppte Zwischensaison-Daunenjacke hat ein orangefarbenes Futter und Einschubtaschen mit verdeckten Rei\u00dfverschl\u00fcssen. Auf dem \u00c4rmel befindet sich das STIHL &#8220;LEGENDARY PERFORMANCE&#8221;-Logo. In der beiliegenden Tasche kann die Daunenjacke zu einem 25 cm \u00d7 12 cm (Durchmesser) gro\u00dfen Paket komprimiert werden.<br \/>\n886661664849  <\/p>\n<p>Zielgruppe M\u00e4nner<br \/>\nGr\u00f6\u00dfenbezeichnung DE Gr\u00f6\u00dfenbezeichnung DE<\/p>\n<p>Farbe Farbe<\/p>\n","protected":false},"excerpt":{"rendered":"<p>ICON Daunenjacke, Gr\u00f6\u00dfe XXL<\/p>\n","protected":false},"featured_media":440226,"template":"","meta":{"_seopress_robots_primary_cat":"","_seopress_titles_title":"","_seopress_titles_desc":"","_seopress_robots_index":""},"product_brand":[3366],"product_cat":[21,189,190],"product_tag":[3265],"class_list":{"0":"post-513690","1":"product","2":"type-product","3":"status-publish","4":"has-post-thumbnail","6":"product_brand-stihl","7":"product_cat-abbigliamento","8":"product_cat-abbigliamento-per-il-tempo-libero","9":"product_cat-abbigliamento-da-uomo","10":"product_tag-import-stihl","11":"sws-gruppo-abb-libero-de","12":"sws-conto-ricavi-merci-rivendita-abbigliamento-de","13":"sws-gruppo-iva-iva81-de","15":"first","16":"onbackorder","17":"purchasable","18":"product-type-simple"},"_links":{"self":[{"href":"https:\/\/lucacastelli.com\/de\/wp-json\/wp\/v2\/product\/513690","targetHints":{"allow":["GET"]}}],"collection":[{"href":"https:\/\/lucacastelli.com\/de\/wp-json\/wp\/v2\/product"}],"about":[{"href":"https:\/\/lucacastelli.com\/de\/wp-json\/wp\/v2\/types\/product"}],"wp:featuredmedia":[{"embeddable":true,"href":"https:\/\/lucacastelli.com\/de\/wp-json\/wp\/v2\/media\/440226"}],"wp:attachment":[{"href":"https:\/\/lucacastelli.com\/de\/wp-json\/wp\/v2\/media?parent=513690"}],"wp:term":[{"taxonomy":"product_brand","embeddable":true,"href":"https:\/\/lucacastelli.com\/de\/wp-json\/wp\/v2\/product_brand?post=513690"},{"taxonomy":"product_cat","embeddable":true,"href":"https:\/\/lucacastelli.com\/de\/wp-json\/wp\/v2\/product_cat?post=513690"},{"taxonomy":"product_tag","embeddable":true,"href":"https:\/\/lucacastelli.com\/de\/wp-json\/wp\/v2\/product_tag?post=513690"}],"curies":[{"name":"wp","href":"https:\/\/api.w.org\/{rel}","templated":true}]}}