{"id":513677,"date":"2025-06-04T18:59:29","date_gmt":"2025-06-04T16:59:29","guid":{"rendered":"https:\/\/lucacastelli.com\/prodotto\/stihl-raintec-regenjacke\/"},"modified":"2025-06-04T18:59:29","modified_gmt":"2025-06-04T16:59:29","slug":"stihl-raintec-regenjacke","status":"publish","type":"product","link":"https:\/\/lucacastelli.com\/de\/produkt\/stihl-raintec-regenjacke\/","title":{"rendered":"STIHL RAINTEC Regenjacke"},"content":{"rendered":"<p>Atmungsaktive Schutzjacke mit hervorragender Wasserdichtigkeit. Verschwei\u00dfte N\u00e4hte und wasserdichte Rei\u00dfverschl\u00fcsse. Lange L\u00fcftungsschlitze unter den Armen. Gro\u00dfes, reflektierendes STIHL Logo auf dem R\u00fccken. Weitenverstellbarer Softshell-Kragen, umklappbare Kapuze mit Visier.    <\/p>\n<p>&nbsp;<\/p>\n","protected":false},"excerpt":{"rendered":"<p>Atmungsaktive Schutzjacke mit hervorragender Wasserdichtigkeit. Verschwei\u00dfte N\u00e4hte und wasserdichte Rei\u00dfverschl\u00fcsse. Lange L\u00fcftungsschlitze unter den Armen. Gro\u00dfes, reflektierendes STIHL Logo auf<\/p>\n","protected":false},"featured_media":453784,"template":"","meta":{"_seopress_robots_primary_cat":"none","_seopress_titles_title":"","_seopress_titles_desc":"","_seopress_robots_index":""},"product_brand":[3554],"product_cat":[82,1382],"product_tag":[3266],"class_list":{"0":"post-513677","1":"product","2":"type-product","3":"status-publish","4":"has-post-thumbnail","6":"product_brand-stihl-de","7":"product_cat-kleidung","8":"product_cat-arbeitskleidung","9":"product_tag-import-stihl-de","10":"sws-conto-ricavi-merci-rivendita-abbigliamento-de","11":"sws-gruppo-iva-iva81-de","13":"first","14":"instock","15":"sale","16":"shipping-taxable","17":"purchasable","18":"product-type-variable"},"_links":{"self":[{"href":"https:\/\/lucacastelli.com\/de\/wp-json\/wp\/v2\/product\/513677","targetHints":{"allow":["GET"]}}],"collection":[{"href":"https:\/\/lucacastelli.com\/de\/wp-json\/wp\/v2\/product"}],"about":[{"href":"https:\/\/lucacastelli.com\/de\/wp-json\/wp\/v2\/types\/product"}],"wp:featuredmedia":[{"embeddable":true,"href":"https:\/\/lucacastelli.com\/de\/wp-json\/wp\/v2\/media\/453784"}],"wp:attachment":[{"href":"https:\/\/lucacastelli.com\/de\/wp-json\/wp\/v2\/media?parent=513677"}],"wp:term":[{"taxonomy":"product_brand","embeddable":true,"href":"https:\/\/lucacastelli.com\/de\/wp-json\/wp\/v2\/product_brand?post=513677"},{"taxonomy":"product_cat","embeddable":true,"href":"https:\/\/lucacastelli.com\/de\/wp-json\/wp\/v2\/product_cat?post=513677"},{"taxonomy":"product_tag","embeddable":true,"href":"https:\/\/lucacastelli.com\/de\/wp-json\/wp\/v2\/product_tag?post=513677"}],"curies":[{"name":"wp","href":"https:\/\/api.w.org\/{rel}","templated":true}]}}