{"id":513629,"date":"2025-06-04T19:51:00","date_gmt":"2025-06-04T17:51:00","guid":{"rendered":"https:\/\/lucacastelli.com\/prodotto\/stihl-jacke-function-ergo\/"},"modified":"2025-07-27T01:42:51","modified_gmt":"2025-07-26T23:42:51","slug":"stihl-jacke-function-ergo","status":"publish","type":"product","link":"https:\/\/lucacastelli.com\/de\/produkt\/stihl-jacke-function-ergo\/","title":{"rendered":"STIHL Jacke FUNCTION ERGO"},"content":{"rendered":"<p>Aus besonders robustem Material f\u00fcr lange Lebensdauer. Signalgr\u00fcn und orange, elastische Eins\u00e4tze, Eins\u00e4tze mit Bel\u00fcftungs\u00f6ffnungen, Tasche f\u00fcr Erste-Hilfe-Material, zwei Brusttaschen mit Rei\u00dfverschluss, Ellbogenverst\u00e4rkungen, Reflexstreifen und gro\u00dfe Signalfl\u00e4chen f\u00fcr bessere Sichtbarkeit, gro\u00dfes STIHL Logo auf dem R\u00fccken. Mit KWF-Nutzwert-Zertifizierung.  <\/p>\n<p>&nbsp;<\/p>\n","protected":false},"excerpt":{"rendered":"<p>Aus besonders robustem Material f\u00fcr lange Lebensdauer. Signalgr\u00fcn und orange, elastische Eins\u00e4tze, Eins\u00e4tze mit Bel\u00fcftungs\u00f6ffnungen, Tasche f\u00fcr Erste-Hilfe-Material, zwei Brusttaschen<\/p>\n","protected":false},"featured_media":513395,"template":"","meta":{"_seopress_robots_primary_cat":"none","_seopress_titles_title":"","_seopress_titles_desc":"","_seopress_robots_index":""},"product_brand":[3554],"product_cat":[1382,82],"product_tag":[3266],"class_list":{"0":"post-513629","1":"product","2":"type-product","3":"status-publish","4":"has-post-thumbnail","6":"product_brand-stihl-de","7":"product_cat-arbeitskleidung","8":"product_cat-kleidung","9":"product_tag-import-stihl-de","10":"sws-conto-ricavi-merci-rivendita-abbigliamento-de","11":"sws-gruppo-iva-iva81-de","13":"first","14":"instock","15":"sale","16":"shipping-taxable","17":"purchasable","18":"product-type-variable"},"_links":{"self":[{"href":"https:\/\/lucacastelli.com\/de\/wp-json\/wp\/v2\/product\/513629","targetHints":{"allow":["GET"]}}],"collection":[{"href":"https:\/\/lucacastelli.com\/de\/wp-json\/wp\/v2\/product"}],"about":[{"href":"https:\/\/lucacastelli.com\/de\/wp-json\/wp\/v2\/types\/product"}],"wp:featuredmedia":[{"embeddable":true,"href":"https:\/\/lucacastelli.com\/de\/wp-json\/wp\/v2\/media\/513395"}],"wp:attachment":[{"href":"https:\/\/lucacastelli.com\/de\/wp-json\/wp\/v2\/media?parent=513629"}],"wp:term":[{"taxonomy":"product_brand","embeddable":true,"href":"https:\/\/lucacastelli.com\/de\/wp-json\/wp\/v2\/product_brand?post=513629"},{"taxonomy":"product_cat","embeddable":true,"href":"https:\/\/lucacastelli.com\/de\/wp-json\/wp\/v2\/product_cat?post=513629"},{"taxonomy":"product_tag","embeddable":true,"href":"https:\/\/lucacastelli.com\/de\/wp-json\/wp\/v2\/product_tag?post=513629"}],"curies":[{"name":"wp","href":"https:\/\/api.w.org\/{rel}","templated":true}]}}