{"id":513626,"date":"2025-06-04T19:35:34","date_gmt":"2025-06-04T17:35:34","guid":{"rendered":"https:\/\/lucacastelli.com\/prodotto\/stihl-signaljacke-vent\/"},"modified":"2025-07-27T01:42:49","modified_gmt":"2025-07-26T23:42:49","slug":"stihl-signaljacke-vent","status":"publish","type":"product","link":"https:\/\/lucacastelli.com\/de\/produkt\/stihl-signaljacke-vent\/","title":{"rendered":"STIHL Signaljacke, VENT"},"content":{"rendered":"<p>Leichte, dehnbare und atmungsaktive Signaljacke f\u00fcr sommerliche Temperaturen und intensive k\u00f6rperliche Aktivit\u00e4ten. Signalorange in funktionellem Mag Cool-Gewebe, 100 % Polyester, schwarz mit leichtem Wirbels\u00e4ulenschutz und Abriebschutz, 90 % Polyester, 10 % Elasthan, zwei Brusttaschen, Gummibund f\u00fcr guten Sitz, Reflexstreifen f\u00fcr gute Sichtbarkeit, EN 471, Schutzstufe 2. <\/p>\n<p>&nbsp;<\/p>\n","protected":false},"excerpt":{"rendered":"<p>Leichte, dehnbare und atmungsaktive Signaljacke f\u00fcr sommerliche Temperaturen und intensive k\u00f6rperliche Aktivit\u00e4ten. Signalorange in funktionellem Mag Cool-Gewebe, 100 % Polyester,<\/p>\n","protected":false},"featured_media":438376,"template":"","meta":{"_seopress_robots_primary_cat":"none","_seopress_titles_title":"","_seopress_titles_desc":"","_seopress_robots_index":""},"product_brand":[3554],"product_cat":[82,1382],"product_tag":[3266],"class_list":{"0":"post-513626","1":"product","2":"type-product","3":"status-publish","4":"has-post-thumbnail","6":"product_brand-stihl-de","7":"product_cat-kleidung","8":"product_cat-arbeitskleidung","9":"product_tag-import-stihl-de","10":"sws-conto-ricavi-merci-rivendita-abbigliamento-de","11":"sws-gruppo-iva-iva81-de","13":"first","14":"instock","15":"sale","16":"shipping-taxable","17":"purchasable","18":"product-type-variable"},"_links":{"self":[{"href":"https:\/\/lucacastelli.com\/de\/wp-json\/wp\/v2\/product\/513626","targetHints":{"allow":["GET"]}}],"collection":[{"href":"https:\/\/lucacastelli.com\/de\/wp-json\/wp\/v2\/product"}],"about":[{"href":"https:\/\/lucacastelli.com\/de\/wp-json\/wp\/v2\/types\/product"}],"wp:featuredmedia":[{"embeddable":true,"href":"https:\/\/lucacastelli.com\/de\/wp-json\/wp\/v2\/media\/438376"}],"wp:attachment":[{"href":"https:\/\/lucacastelli.com\/de\/wp-json\/wp\/v2\/media?parent=513626"}],"wp:term":[{"taxonomy":"product_brand","embeddable":true,"href":"https:\/\/lucacastelli.com\/de\/wp-json\/wp\/v2\/product_brand?post=513626"},{"taxonomy":"product_cat","embeddable":true,"href":"https:\/\/lucacastelli.com\/de\/wp-json\/wp\/v2\/product_cat?post=513626"},{"taxonomy":"product_tag","embeddable":true,"href":"https:\/\/lucacastelli.com\/de\/wp-json\/wp\/v2\/product_tag?post=513626"}],"curies":[{"name":"wp","href":"https:\/\/api.w.org\/{rel}","templated":true}]}}