{"id":513598,"date":"2025-06-04T19:27:56","date_gmt":"2025-06-04T17:27:56","guid":{"rendered":"https:\/\/lucacastelli.com\/prodotto\/stihl-protect-ms-orange-schnittschutzjacke\/"},"modified":"2025-06-04T19:27:56","modified_gmt":"2025-06-04T17:27:56","slug":"stihl-protect-ms-orange-schnittschutzjacke","status":"publish","type":"product","link":"https:\/\/lucacastelli.com\/de\/produkt\/stihl-protect-ms-orange-schnittschutzjacke\/","title":{"rendered":"STIHL PROTECT MS orange Schnittschutzjacke"},"content":{"rendered":"<p>Leichte, hoch atmungsaktive Signaljacke mit maximaler Bewegungsfreiheit. Farbe: signalorange, signalgelb und schwarz. Au\u00dfenmaterial und Futter: 100 % Polyester. Dornenschutz an Ellbogen und Schultern. Bel\u00fcftungsmaterial an den \u00c4rmeln. Zwei Brusttaschen mit Reissverschluss, \u00d6ffnung f\u00fcr Gurtdurchf\u00fchrung am R\u00fccken, Warnschutz nach EN 20471 Klasse 2 mit atmungsaktivem ADVANCE-Schnittschutz an Brust, Schultern, \u00c4rmeln und Bauch, nach EN 381 Schutzklasse 1 (= 20 m\/s), Design A. KWF-Nutzwert-Zertifizierung steht noch aus.     <\/p>\n<p>&nbsp;<\/p>\n","protected":false},"excerpt":{"rendered":"<p>Leichte, hoch atmungsaktive Signaljacke mit maximaler Bewegungsfreiheit. Farbe: signalorange, signalgelb und schwarz. Au\u00dfenmaterial und Futter: 100 % Polyester. Dornenschutz an<\/p>\n","protected":false},"featured_media":438404,"template":"","meta":{"_seopress_robots_primary_cat":"none","_seopress_titles_title":"","_seopress_titles_desc":"","_seopress_robots_index":""},"product_brand":[3554],"product_cat":[82,1382],"product_tag":[3266],"class_list":{"0":"post-513598","1":"product","2":"type-product","3":"status-publish","4":"has-post-thumbnail","6":"product_brand-stihl-de","7":"product_cat-kleidung","8":"product_cat-arbeitskleidung","9":"product_tag-import-stihl-de","10":"sws-conto-ricavi-merci-rivendita-abbigliamento-de","11":"sws-gruppo-iva-iva81-de","13":"first","14":"instock","15":"sale","16":"shipping-taxable","17":"purchasable","18":"product-type-variable"},"_links":{"self":[{"href":"https:\/\/lucacastelli.com\/de\/wp-json\/wp\/v2\/product\/513598","targetHints":{"allow":["GET"]}}],"collection":[{"href":"https:\/\/lucacastelli.com\/de\/wp-json\/wp\/v2\/product"}],"about":[{"href":"https:\/\/lucacastelli.com\/de\/wp-json\/wp\/v2\/types\/product"}],"wp:featuredmedia":[{"embeddable":true,"href":"https:\/\/lucacastelli.com\/de\/wp-json\/wp\/v2\/media\/438404"}],"wp:attachment":[{"href":"https:\/\/lucacastelli.com\/de\/wp-json\/wp\/v2\/media?parent=513598"}],"wp:term":[{"taxonomy":"product_brand","embeddable":true,"href":"https:\/\/lucacastelli.com\/de\/wp-json\/wp\/v2\/product_brand?post=513598"},{"taxonomy":"product_cat","embeddable":true,"href":"https:\/\/lucacastelli.com\/de\/wp-json\/wp\/v2\/product_cat?post=513598"},{"taxonomy":"product_tag","embeddable":true,"href":"https:\/\/lucacastelli.com\/de\/wp-json\/wp\/v2\/product_tag?post=513598"}],"curies":[{"name":"wp","href":"https:\/\/api.w.org\/{rel}","templated":true}]}}