{"id":513573,"date":"2025-06-04T19:19:06","date_gmt":"2025-06-04T17:19:06","guid":{"rendered":"https:\/\/lucacastelli.com\/prodotto\/stihl-dynamic-vent-jacke\/"},"modified":"2025-07-27T01:42:44","modified_gmt":"2025-07-26T23:42:44","slug":"stihl-dynamic-vent-jacke","status":"publish","type":"product","link":"https:\/\/lucacastelli.com\/de\/produkt\/stihl-dynamic-vent-jacke\/","title":{"rendered":"STIHL DYNAMIC VENT Jacke"},"content":{"rendered":"<p>Besonders leichte und atmungsaktive Jacke f\u00fcr den Sommer. Farbe orange, schwarz und khaki, Bel\u00fcftungs\u00f6ffnungen, Stretcheins\u00e4tze, Ellbogenverst\u00e4rkungen, reflektierende Elemente, vier Taschen mit Rei\u00dfverschluss, eine Innentasche f\u00fcr das Handy. <\/p>\n","protected":false},"excerpt":{"rendered":"<p>Besonders leichte und atmungsaktive Jacke f\u00fcr den Sommer. Farbe orange, schwarz und khaki, Bel\u00fcftungs\u00f6ffnungen, Stretcheins\u00e4tze, Ellbogenverst\u00e4rkungen, reflektierende Elemente, vier Taschen<\/p>\n","protected":false},"featured_media":513348,"template":"","meta":{"_seopress_robots_primary_cat":"none","_seopress_titles_title":"","_seopress_titles_desc":"","_seopress_robots_index":""},"product_brand":[3554],"product_cat":[82,1382],"product_tag":[3266],"class_list":{"0":"post-513573","1":"product","2":"type-product","3":"status-publish","4":"has-post-thumbnail","6":"product_brand-stihl-de","7":"product_cat-kleidung","8":"product_cat-arbeitskleidung","9":"product_tag-import-stihl-de","10":"sws-conto-ricavi-merci-rivendita-abbigliamento-de","11":"sws-gruppo-iva-iva81-de","13":"first","14":"instock","15":"sale","16":"shipping-taxable","17":"purchasable","18":"product-type-variable"},"_links":{"self":[{"href":"https:\/\/lucacastelli.com\/de\/wp-json\/wp\/v2\/product\/513573","targetHints":{"allow":["GET"]}}],"collection":[{"href":"https:\/\/lucacastelli.com\/de\/wp-json\/wp\/v2\/product"}],"about":[{"href":"https:\/\/lucacastelli.com\/de\/wp-json\/wp\/v2\/types\/product"}],"wp:featuredmedia":[{"embeddable":true,"href":"https:\/\/lucacastelli.com\/de\/wp-json\/wp\/v2\/media\/513348"}],"wp:attachment":[{"href":"https:\/\/lucacastelli.com\/de\/wp-json\/wp\/v2\/media?parent=513573"}],"wp:term":[{"taxonomy":"product_brand","embeddable":true,"href":"https:\/\/lucacastelli.com\/de\/wp-json\/wp\/v2\/product_brand?post=513573"},{"taxonomy":"product_cat","embeddable":true,"href":"https:\/\/lucacastelli.com\/de\/wp-json\/wp\/v2\/product_cat?post=513573"},{"taxonomy":"product_tag","embeddable":true,"href":"https:\/\/lucacastelli.com\/de\/wp-json\/wp\/v2\/product_tag?post=513573"}],"curies":[{"name":"wp","href":"https:\/\/api.w.org\/{rel}","templated":true}]}}