{"id":513557,"date":"2025-07-03T17:56:55","date_gmt":"2025-07-03T15:56:55","guid":{"rendered":"https:\/\/lucacastelli.com\/prodotto\/stihl-advance-x-flex-riemen\/"},"modified":"2025-07-03T17:56:55","modified_gmt":"2025-07-03T15:56:55","slug":"stihl-advance-x-flex-riemen","status":"publish","type":"product","link":"https:\/\/lucacastelli.com\/de\/produkt\/stihl-advance-x-flex-riemen\/","title":{"rendered":"STIHL ADVANCE X-Flex Riemen"},"content":{"rendered":"<p>D\u00fcnner G\u00fcrtel zum Tragen leichter Lasten und f\u00fcr den Einsatz bei hohen Temperaturen. Mit \u00d6sen zur Befestigung des Schultergurts und Steg zur Befestigung von Taschen und Haltern mit dem Clip-System. <\/p>\n","protected":false},"excerpt":{"rendered":"<p>D\u00fcnner G\u00fcrtel zum Tragen leichter Lasten und f\u00fcr den Einsatz bei hohen Temperaturen. Mit \u00d6sen zur Befestigung des Schultergurts und<\/p>\n","protected":false},"featured_media":436165,"template":"","meta":{"_seopress_robots_primary_cat":"none","_seopress_titles_title":"","_seopress_titles_desc":"","_seopress_robots_index":""},"product_brand":[3554],"product_cat":[1382,82],"product_tag":[3266],"class_list":{"0":"post-513557","1":"product","2":"type-product","3":"status-publish","4":"has-post-thumbnail","6":"product_brand-stihl-de","7":"product_cat-arbeitskleidung","8":"product_cat-kleidung","9":"product_tag-import-stihl-de","10":"sws-conto-ricavi-merci-rivendita-abbigliamento-de","11":"sws-gruppo-iva-iva81-de","13":"first","14":"instock","15":"shipping-taxable","16":"purchasable","17":"product-type-variable"},"_links":{"self":[{"href":"https:\/\/lucacastelli.com\/de\/wp-json\/wp\/v2\/product\/513557","targetHints":{"allow":["GET"]}}],"collection":[{"href":"https:\/\/lucacastelli.com\/de\/wp-json\/wp\/v2\/product"}],"about":[{"href":"https:\/\/lucacastelli.com\/de\/wp-json\/wp\/v2\/types\/product"}],"wp:featuredmedia":[{"embeddable":true,"href":"https:\/\/lucacastelli.com\/de\/wp-json\/wp\/v2\/media\/436165"}],"wp:attachment":[{"href":"https:\/\/lucacastelli.com\/de\/wp-json\/wp\/v2\/media?parent=513557"}],"wp:term":[{"taxonomy":"product_brand","embeddable":true,"href":"https:\/\/lucacastelli.com\/de\/wp-json\/wp\/v2\/product_brand?post=513557"},{"taxonomy":"product_cat","embeddable":true,"href":"https:\/\/lucacastelli.com\/de\/wp-json\/wp\/v2\/product_cat?post=513557"},{"taxonomy":"product_tag","embeddable":true,"href":"https:\/\/lucacastelli.com\/de\/wp-json\/wp\/v2\/product_tag?post=513557"}],"curies":[{"name":"wp","href":"https:\/\/api.w.org\/{rel}","templated":true}]}}