{"id":513238,"date":"2025-07-26T18:17:07","date_gmt":"2025-07-26T16:17:07","guid":{"rendered":"https:\/\/lucacastelli.com\/?post_type=product&#038;p=513238"},"modified":"2025-09-04T00:05:47","modified_gmt":"2025-09-03T22:05:47","slug":"pfanner-forest-light-jacke-copia-copia","status":"publish","type":"product","link":"https:\/\/lucacastelli.com\/de\/produkt\/pfanner-forest-light-jacke-copia-copia\/","title":{"rendered":"Pfanner Forest Light Jacke grau-schwarz"},"content":{"rendered":"<p>Die Forest Light Jacke ist leicht und dennoch strapazierf\u00e4hig, perfekt f\u00fcr w\u00e4rmere Tage. Dank unserer StretchAIR\u00ae-Technologie und der Unterarmbel\u00fcftung ist sie besonders f\u00fcr w\u00e4rmeres Wetter geeignet. Das 4Way-Stretch-Au\u00dfenmaterial garantiert maximale Bewegungsfreiheit und ist extrem widerstandsf\u00e4hig gegen \u00c4ste und Dornen. Das patentierte Zipp2Zipp\u00ae Taschensystem auf beiden Seiten bietet optimalen Platz f\u00fcr Notizblock, Stift und Handy. Zwei Innentaschen bieten zus\u00e4tzlichen Platz. Innenliegende B\u00fcndchen sorgen daf\u00fcr, dass die \u00c4rmels\u00e4ume an jedem Handgelenk perfekt sitzen. Die Sichtbarkeit wird durch die durchgehenden Reflexstreifen und die bew\u00e4hrten 3CON\u00ae-Logos deutlich erh\u00f6ht.<br \/>\n-StretchAIR\u00ae-Technologie<br \/>\n-Maximale Bewegungsfreiheit<br \/>\n-Wasserabweisendes und schmutzabweisendes Au\u00dfenmaterial<br \/>\n-Bel\u00fcftung unter den Achseln<br \/>\n-Hoher Kragen<br \/>\n-Zipp2Zipp\u00ae-Taschensystem<br \/>\n-Elastische Reflexstreifen<br \/>\n-3CON\u00ae reflective<br \/>\n-Wasserdichte Verst\u00e4rkung an den Schultern      <\/p>\n<p>Material:<br \/>\nObermaterial rot, grau, schwarz: 90 % Polyamid, 10 % Elastan<br \/>\nObermaterial neongelb, orange: 90 % Polyester, 10 % Elastan<\/p>\n<p> Normen EN 20471 (nur orange\/gelbe Version)<\/p>\n","protected":false},"excerpt":{"rendered":"<p>Die Forest Light Jacke ist leicht und dennoch strapazierf\u00e4hig, perfekt f\u00fcr w\u00e4rmere Tage. Dank unserer StretchAIR\u00ae-Technologie und der Unterarmbel\u00fcftung ist<\/p>\n","protected":false},"featured_media":513183,"template":"","meta":{"_seopress_robots_primary_cat":"none","_seopress_titles_title":"","_seopress_titles_desc":"","_seopress_robots_index":""},"product_brand":[3458],"product_cat":[21,284,189],"product_tag":[],"class_list":{"0":"post-513238","1":"product","2":"type-product","3":"status-publish","4":"has-post-thumbnail","6":"product_brand-pfanner","7":"product_cat-abbigliamento","8":"product_cat-abbigliamento-da-lavoro","9":"product_cat-abbigliamento-per-il-tempo-libero","10":"sws-gruppo-no-gruppo-de","11":"sws-conto-ricavi-merci-rivendita-abbigliamento-de","12":"sws-gruppo-iva-iva81-de","14":"first","15":"instock","16":"shipping-taxable","17":"purchasable","18":"product-type-variable","19":"has-default-attributes"},"_links":{"self":[{"href":"https:\/\/lucacastelli.com\/de\/wp-json\/wp\/v2\/product\/513238","targetHints":{"allow":["GET"]}}],"collection":[{"href":"https:\/\/lucacastelli.com\/de\/wp-json\/wp\/v2\/product"}],"about":[{"href":"https:\/\/lucacastelli.com\/de\/wp-json\/wp\/v2\/types\/product"}],"wp:featuredmedia":[{"embeddable":true,"href":"https:\/\/lucacastelli.com\/de\/wp-json\/wp\/v2\/media\/513183"}],"wp:attachment":[{"href":"https:\/\/lucacastelli.com\/de\/wp-json\/wp\/v2\/media?parent=513238"}],"wp:term":[{"taxonomy":"product_brand","embeddable":true,"href":"https:\/\/lucacastelli.com\/de\/wp-json\/wp\/v2\/product_brand?post=513238"},{"taxonomy":"product_cat","embeddable":true,"href":"https:\/\/lucacastelli.com\/de\/wp-json\/wp\/v2\/product_cat?post=513238"},{"taxonomy":"product_tag","embeddable":true,"href":"https:\/\/lucacastelli.com\/de\/wp-json\/wp\/v2\/product_tag?post=513238"}],"curies":[{"name":"wp","href":"https:\/\/api.w.org\/{rel}","templated":true}]}}