{"id":513168,"date":"2025-07-26T18:11:19","date_gmt":"2025-07-26T16:11:19","guid":{"rendered":"https:\/\/lucacastelli.com\/?post_type=product&#038;p=513168"},"modified":"2026-04-16T01:16:35","modified_gmt":"2026-04-15T23:16:35","slug":"pfanner-forest-light-jacke-copia","status":"publish","type":"product","link":"https:\/\/lucacastelli.com\/de\/produkt\/pfanner-forest-light-jacke-copia\/","title":{"rendered":"PFANNER Forest Light Jacke schwarz"},"content":{"rendered":"<p>Die Forest Light Jacke ist extrem leicht und dennoch strapazierf\u00e4hig, ideal f\u00fcr w\u00e4rmere Tage. Dank unserer StretchAIR\u00ae-Technologie und der Unterarmbel\u00fcftung eignet sie sich besonders f\u00fcr die hei\u00dfe Jahreszeit. Das 4Way-Stretch-Obermaterial garantiert maximale Bewegungsfreiheit und ist \u00e4u\u00dferst rei\u00dffest gegen\u00fcber \u00c4sten und Dornen. Das patentierte Zipp2Zipp\u00ae-Taschensystem auf beiden Seiten bietet optimalen Platz f\u00fcr Notizblock, Stift und Mobiltelefon. Zwei Innentaschen bieten zus\u00e4tzlichen Stauraum. Die Innenb\u00fcndchen sorgen daf\u00fcr, dass der \u00c4rmelsaum perfekt an jedem Handgelenk anliegt. Die Sichtbarkeit wird durch durchgehende Reflexstreifen und die bew\u00e4hrten 3CON\u00ae-Logos deutlich erh\u00f6ht.<br \/>\n-StretchAIR\u00ae-Technologie<br \/>\n-Maximale Bewegungsfreiheit<br \/>\n-Wasser- und schmutzabweisender Oberstoff<br \/>\n-Unterarmbel\u00fcftung<br \/>\n-Hochschlie\u00dfender Kragen<br \/>\n-Zipp2Zipp\u00ae-Taschensystem<br \/>\n-Elastische Reflexstreifen<br \/>\n-3CON\u00ae Reflex<br \/>\n-Wasserdichte Schulterverst\u00e4rkung      <\/p>\n<p>Material:<br \/>\nOberstoff rot, grau, schwarz: 90 % Polyamid, 10 % Elasthan<br \/>\nOberstoff neongelb, orange: 90 % Polyester, 10 % Elasthan<br \/>\nNormen<br \/>\nEN 20471 (nur Version orange\/gelb)<\/p>\n","protected":false},"excerpt":{"rendered":"<p>Die Forest Light Jacke ist extrem leicht und dennoch strapazierf\u00e4hig, ideal f\u00fcr w\u00e4rmere Tage. Dank unserer StretchAIR\u00ae-Technologie und der Unterarmbel\u00fcftung<\/p>\n","protected":false},"featured_media":513179,"template":"","meta":{"_seopress_robots_primary_cat":"none","_seopress_titles_title":"","_seopress_titles_desc":"","_seopress_robots_index":""},"product_brand":[3458],"product_cat":[21,284,189],"product_tag":[],"class_list":{"0":"post-513168","1":"product","2":"type-product","3":"status-publish","4":"has-post-thumbnail","6":"product_brand-pfanner","7":"product_cat-abbigliamento","8":"product_cat-abbigliamento-da-lavoro","9":"product_cat-abbigliamento-per-il-tempo-libero","10":"sws-gruppo-no-gruppo-de","11":"sws-conto-ricavi-merci-rivendita-abbigliamento-de","12":"sws-gruppo-iva-iva81-de","14":"first","15":"instock","16":"shipping-taxable","17":"purchasable","18":"product-type-variable","19":"has-default-attributes"},"_links":{"self":[{"href":"https:\/\/lucacastelli.com\/de\/wp-json\/wp\/v2\/product\/513168","targetHints":{"allow":["GET"]}}],"collection":[{"href":"https:\/\/lucacastelli.com\/de\/wp-json\/wp\/v2\/product"}],"about":[{"href":"https:\/\/lucacastelli.com\/de\/wp-json\/wp\/v2\/types\/product"}],"wp:featuredmedia":[{"embeddable":true,"href":"https:\/\/lucacastelli.com\/de\/wp-json\/wp\/v2\/media\/513179"}],"wp:attachment":[{"href":"https:\/\/lucacastelli.com\/de\/wp-json\/wp\/v2\/media?parent=513168"}],"wp:term":[{"taxonomy":"product_brand","embeddable":true,"href":"https:\/\/lucacastelli.com\/de\/wp-json\/wp\/v2\/product_brand?post=513168"},{"taxonomy":"product_cat","embeddable":true,"href":"https:\/\/lucacastelli.com\/de\/wp-json\/wp\/v2\/product_cat?post=513168"},{"taxonomy":"product_tag","embeddable":true,"href":"https:\/\/lucacastelli.com\/de\/wp-json\/wp\/v2\/product_tag?post=513168"}],"curies":[{"name":"wp","href":"https:\/\/api.w.org\/{rel}","templated":true}]}}