{"id":513109,"date":"2025-07-04T15:33:27","date_gmt":"2025-07-04T13:33:27","guid":{"rendered":"https:\/\/lucacastelli.com\/prodotto\/stihl-duroflex-regenjacke\/"},"modified":"2025-07-26T20:28:55","modified_gmt":"2025-07-26T18:28:55","slug":"stihl-duroflex-regenjacke","status":"publish","type":"product","link":"https:\/\/lucacastelli.com\/de\/produkt\/stihl-duroflex-regenjacke\/","title":{"rendered":"STIHL DuroFlex Regenjacke"},"content":{"rendered":"<p>Aus strapazierf\u00e4higem, elastischem und wasserdichtem Material. Farbe: Signalorange, Au\u00dfenmaterial: 100 % Polyester, Futter: 100 % Polyurethan. Gro\u00dfe signalorangefarbene Fl\u00e4chen. Wassers\u00e4ule: = 5000 mm. Atmungsaktiv durch Bel\u00fcftungs\u00f6ffnungen an \u00c4rmeln, Vorder- und R\u00fcckseite. Umklappbare Kapuze im Kragen. KWF-Gebrauchswert-Zertifizierung steht noch aus.     <\/p>\n","protected":false},"excerpt":{"rendered":"<p>Aus strapazierf\u00e4higem, elastischem und wasserdichtem Material. Farbe: Signalorange, Au\u00dfenmaterial: 100 % Polyester, Futter: 100 % Polyurethan. Gro\u00dfe signalorangefarbene Fl\u00e4chen. Wassers\u00e4ule:<\/p>\n","protected":false},"featured_media":512960,"template":"","meta":{"_seopress_robots_primary_cat":"none","_seopress_titles_title":"","_seopress_titles_desc":"","_seopress_robots_index":""},"product_brand":[3554],"product_cat":[1382,82],"product_tag":[3266],"class_list":{"0":"post-513109","1":"product","2":"type-product","3":"status-publish","4":"has-post-thumbnail","6":"product_brand-stihl-de","7":"product_cat-arbeitskleidung","8":"product_cat-kleidung","9":"product_tag-import-stihl-de","10":"sws-conto-ricavi-merci-rivendita-abbigliamento-de","11":"sws-gruppo-iva-iva81-de","13":"first","14":"instock","15":"sale","16":"shipping-taxable","17":"purchasable","18":"product-type-variable"},"_links":{"self":[{"href":"https:\/\/lucacastelli.com\/de\/wp-json\/wp\/v2\/product\/513109","targetHints":{"allow":["GET"]}}],"collection":[{"href":"https:\/\/lucacastelli.com\/de\/wp-json\/wp\/v2\/product"}],"about":[{"href":"https:\/\/lucacastelli.com\/de\/wp-json\/wp\/v2\/types\/product"}],"wp:featuredmedia":[{"embeddable":true,"href":"https:\/\/lucacastelli.com\/de\/wp-json\/wp\/v2\/media\/512960"}],"wp:attachment":[{"href":"https:\/\/lucacastelli.com\/de\/wp-json\/wp\/v2\/media?parent=513109"}],"wp:term":[{"taxonomy":"product_brand","embeddable":true,"href":"https:\/\/lucacastelli.com\/de\/wp-json\/wp\/v2\/product_brand?post=513109"},{"taxonomy":"product_cat","embeddable":true,"href":"https:\/\/lucacastelli.com\/de\/wp-json\/wp\/v2\/product_cat?post=513109"},{"taxonomy":"product_tag","embeddable":true,"href":"https:\/\/lucacastelli.com\/de\/wp-json\/wp\/v2\/product_tag?post=513109"}],"curies":[{"name":"wp","href":"https:\/\/api.w.org\/{rel}","templated":true}]}}