{"id":513067,"date":"2025-07-12T16:21:41","date_gmt":"2025-07-12T14:21:41","guid":{"rendered":"https:\/\/lucacastelli.com\/prodotto\/stihl-fs-protect-sicherheitshose\/"},"modified":"2025-07-27T01:42:27","modified_gmt":"2025-07-26T23:42:27","slug":"stihl-fs-protect-sicherheitshose","status":"publish","type":"product","link":"https:\/\/lucacastelli.com\/de\/produkt\/stihl-fs-protect-sicherheitshose\/","title":{"rendered":"STIHL FS PROTECT Sicherheitshose"},"content":{"rendered":"<p>Strapazierf\u00e4hige Trimmerhose in Signalorange f\u00fcr Arbeiten auf Schiene und Stra\u00dfe. Hergestellt aus strapazierf\u00e4higem Oberstoff. Mit atmungsaktivem Aufprallschutz, reflektierenden Streifen und langen Bel\u00fcftungs\u00f6ffnungen auf der R\u00fcckseite. Die zum Patent angemeldete FS Leggings f\u00fcr den extremen Einsatz kann in die Innentasche gesteckt werden. Mit FS Hosentr\u00e4gerschlaufen. \u00dcberpr\u00fcfung der Einhaltung der EN 471.     <\/p>\n","protected":false},"excerpt":{"rendered":"<p>Strapazierf\u00e4hige Trimmerhose in Signalorange f\u00fcr Arbeiten auf Schiene und Stra\u00dfe. Hergestellt aus strapazierf\u00e4higem Oberstoff. Mit atmungsaktivem Aufprallschutz, reflektierenden Streifen und<\/p>\n","protected":false},"featured_media":512983,"template":"","meta":{"_seopress_robots_primary_cat":"none","_seopress_titles_title":"","_seopress_titles_desc":"","_seopress_robots_index":""},"product_brand":[3554],"product_cat":[82,1382],"product_tag":[3266],"class_list":{"0":"post-513067","1":"product","2":"type-product","3":"status-publish","4":"has-post-thumbnail","6":"product_brand-stihl-de","7":"product_cat-kleidung","8":"product_cat-arbeitskleidung","9":"product_tag-import-stihl-de","10":"sws-conto-ricavi-merci-rivendita-abbigliamento-de","11":"sws-gruppo-iva-iva81-de","13":"first","14":"instock","15":"sale","16":"shipping-taxable","17":"purchasable","18":"product-type-variable"},"_links":{"self":[{"href":"https:\/\/lucacastelli.com\/de\/wp-json\/wp\/v2\/product\/513067","targetHints":{"allow":["GET"]}}],"collection":[{"href":"https:\/\/lucacastelli.com\/de\/wp-json\/wp\/v2\/product"}],"about":[{"href":"https:\/\/lucacastelli.com\/de\/wp-json\/wp\/v2\/types\/product"}],"wp:featuredmedia":[{"embeddable":true,"href":"https:\/\/lucacastelli.com\/de\/wp-json\/wp\/v2\/media\/512983"}],"wp:attachment":[{"href":"https:\/\/lucacastelli.com\/de\/wp-json\/wp\/v2\/media?parent=513067"}],"wp:term":[{"taxonomy":"product_brand","embeddable":true,"href":"https:\/\/lucacastelli.com\/de\/wp-json\/wp\/v2\/product_brand?post=513067"},{"taxonomy":"product_cat","embeddable":true,"href":"https:\/\/lucacastelli.com\/de\/wp-json\/wp\/v2\/product_cat?post=513067"},{"taxonomy":"product_tag","embeddable":true,"href":"https:\/\/lucacastelli.com\/de\/wp-json\/wp\/v2\/product_tag?post=513067"}],"curies":[{"name":"wp","href":"https:\/\/api.w.org\/{rel}","templated":true}]}}