{"id":512932,"date":"2025-06-03T14:27:07","date_gmt":"2025-06-03T12:27:07","guid":{"rendered":"https:\/\/lucacastelli.com\/prodotto\/stihl-windbreaker-logo-circle\/"},"modified":"2025-07-26T14:36:02","modified_gmt":"2025-07-26T12:36:02","slug":"stihl-windbreaker-logo-circle","status":"publish","type":"product","link":"https:\/\/lucacastelli.com\/de\/produkt\/stihl-windbreaker-logo-circle\/","title":{"rendered":"STIHL Windjacke LOGO CIRCLE"},"content":{"rendered":"<p>Sportliche Windjacke im Blouson-Stil mit Kapuze und hochwertigem STIHL Web-Badge in Orange auf der Brust. Kontrastierendes Netzfutter in Orange. Elastische B\u00fcndchen an Saum und \u00c4rmeln f\u00fcr bequemen Sitz, seitliche Rei\u00dfverschlusstaschen.  <\/p>\n<p>Zielgruppe M\u00e4nnlich<\/p>\n","protected":false},"excerpt":{"rendered":"<p>Sportliche Windjacke im Blouson-Stil mit Kapuze und hochwertigem STIHL Web-Badge in Orange auf der Brust. Kontrastierendes Netzfutter in Orange. Elastische<\/p>\n","protected":false},"featured_media":512931,"template":"","meta":{"_seopress_robots_primary_cat":"none","_seopress_titles_title":"","_seopress_titles_desc":"","_seopress_robots_index":""},"product_brand":[3366],"product_cat":[21,189,190],"product_tag":[3265],"class_list":{"0":"post-512932","1":"product","2":"type-product","3":"status-publish","4":"has-post-thumbnail","6":"product_brand-stihl","7":"product_cat-abbigliamento","8":"product_cat-abbigliamento-per-il-tempo-libero","9":"product_cat-abbigliamento-da-uomo","10":"product_tag-import-stihl","11":"sws-conto-ricavi-merci-rivendita-abbigliamento-de","12":"sws-gruppo-iva-iva81-de","14":"first","15":"instock","16":"shipping-taxable","17":"purchasable","18":"product-type-variable"},"_links":{"self":[{"href":"https:\/\/lucacastelli.com\/de\/wp-json\/wp\/v2\/product\/512932","targetHints":{"allow":["GET"]}}],"collection":[{"href":"https:\/\/lucacastelli.com\/de\/wp-json\/wp\/v2\/product"}],"about":[{"href":"https:\/\/lucacastelli.com\/de\/wp-json\/wp\/v2\/types\/product"}],"wp:featuredmedia":[{"embeddable":true,"href":"https:\/\/lucacastelli.com\/de\/wp-json\/wp\/v2\/media\/512931"}],"wp:attachment":[{"href":"https:\/\/lucacastelli.com\/de\/wp-json\/wp\/v2\/media?parent=512932"}],"wp:term":[{"taxonomy":"product_brand","embeddable":true,"href":"https:\/\/lucacastelli.com\/de\/wp-json\/wp\/v2\/product_brand?post=512932"},{"taxonomy":"product_cat","embeddable":true,"href":"https:\/\/lucacastelli.com\/de\/wp-json\/wp\/v2\/product_cat?post=512932"},{"taxonomy":"product_tag","embeddable":true,"href":"https:\/\/lucacastelli.com\/de\/wp-json\/wp\/v2\/product_tag?post=512932"}],"curies":[{"name":"wp","href":"https:\/\/api.w.org\/{rel}","templated":true}]}}