{"id":512896,"date":"2025-06-02T13:27:09","date_gmt":"2025-06-02T11:27:09","guid":{"rendered":"https:\/\/lucacastelli.com\/prodotto\/stihl-advance-x-treem-hose\/"},"modified":"2025-07-26T20:31:51","modified_gmt":"2025-07-26T18:31:51","slug":"stihl-advance-x-treem-hose","status":"publish","type":"product","link":"https:\/\/lucacastelli.com\/de\/produkt\/stihl-advance-x-treem-hose\/","title":{"rendered":"STIHL ADVANCE X-TREEm Hose"},"content":{"rendered":"<p>Neu entwickelte, f\u00fcr STIHL einzigartige Schnittschutzhose mit noch nie dagewesenem Komfort: Speziell f\u00fcr STIHL entwickeltes ProElast-Material f\u00fcr erm\u00fcdungsfreies Arbeiten. Optimal zum Klettern und f\u00fcr den professionellen Einsatz unter extremen Bedingungen. Farbe schwarz, signalorange und silber. Weiches, schnell trocknendes Innenfutter. Dank der robusten, schmutzabweisenden und wasserabweisenden Materialien im Vorderbein- und Ges\u00e4\u00dfbereich perfekt f\u00fcr die Arbeit im Wald. Schutz vor Zecken durch eine am Schuh angebrachte, atmungsaktive Gamasche. Abriebschutz durch keramikbeschichtete Applikationen. Leichtes und besonders atmungsaktives AVERTIC pro lite Schnittschutzmaterial, exklusiv f\u00fcr STIHL entwickelt, mit zertifiziertem Schnittschutz (EN 381). Flache Rei\u00dfverschlusstaschen an H\u00fcfte, Po und Oberschenkel. Bel\u00fcftungs\u00f6ffnungen mit Rei\u00dfverschl\u00fcssen zur Regulierung des K\u00f6rperklimas. Inklusive Schultergurte. Mit KWF-Nutzwert-Zertifizierung.           <\/p>\n","protected":false},"excerpt":{"rendered":"<p>Neu entwickelte, f\u00fcr STIHL einzigartige Schnittschutzhose mit noch nie dagewesenem Komfort: Speziell f\u00fcr STIHL entwickeltes ProElast-Material f\u00fcr erm\u00fcdungsfreies Arbeiten. Optimal<\/p>\n","protected":false},"featured_media":512849,"template":"","meta":{"_seopress_robots_primary_cat":"none","_seopress_titles_title":"","_seopress_titles_desc":"","_seopress_robots_index":""},"product_brand":[3554],"product_cat":[1382,82],"product_tag":[3266],"class_list":{"0":"post-512896","1":"product","2":"type-product","3":"status-publish","4":"has-post-thumbnail","6":"product_brand-stihl-de","7":"product_cat-arbeitskleidung","8":"product_cat-kleidung","9":"product_tag-import-stihl-de","10":"sws-conto-ricavi-merci-rivendita-abbigliamento-de","11":"sws-gruppo-iva-iva81-de","13":"first","14":"instock","15":"sale","16":"shipping-taxable","17":"purchasable","18":"product-type-variable"},"_links":{"self":[{"href":"https:\/\/lucacastelli.com\/de\/wp-json\/wp\/v2\/product\/512896","targetHints":{"allow":["GET"]}}],"collection":[{"href":"https:\/\/lucacastelli.com\/de\/wp-json\/wp\/v2\/product"}],"about":[{"href":"https:\/\/lucacastelli.com\/de\/wp-json\/wp\/v2\/types\/product"}],"wp:featuredmedia":[{"embeddable":true,"href":"https:\/\/lucacastelli.com\/de\/wp-json\/wp\/v2\/media\/512849"}],"wp:attachment":[{"href":"https:\/\/lucacastelli.com\/de\/wp-json\/wp\/v2\/media?parent=512896"}],"wp:term":[{"taxonomy":"product_brand","embeddable":true,"href":"https:\/\/lucacastelli.com\/de\/wp-json\/wp\/v2\/product_brand?post=512896"},{"taxonomy":"product_cat","embeddable":true,"href":"https:\/\/lucacastelli.com\/de\/wp-json\/wp\/v2\/product_cat?post=512896"},{"taxonomy":"product_tag","embeddable":true,"href":"https:\/\/lucacastelli.com\/de\/wp-json\/wp\/v2\/product_tag?post=512896"}],"curies":[{"name":"wp","href":"https:\/\/api.w.org\/{rel}","templated":true}]}}