{"id":512729,"date":"2025-06-02T15:44:15","date_gmt":"2025-06-02T13:44:15","guid":{"rendered":"https:\/\/lucacastelli.com\/prodotto\/stihl-small-axe-poloshirt-schwarz\/"},"modified":"2025-06-02T15:44:15","modified_gmt":"2025-06-02T13:44:15","slug":"stihl-small-axe-poloshirt-schwarz","status":"publish","type":"product","link":"https:\/\/lucacastelli.com\/de\/produkt\/stihl-small-axe-poloshirt-schwarz\/","title":{"rendered":"STIHL SMALL AXE Poloshirt schwarz"},"content":{"rendered":"<p>Der Klassiker mit Regular Fit. Hochwertiges Baumwoll-Poloshirt mit Rippenb\u00fcndchen und Kragen. Leicht gepr\u00e4gte Knopfl\u00f6cher auf der Brust.  <\/p>\n<p>Zielgruppe M\u00e4nnlich<\/p>\n","protected":false},"excerpt":{"rendered":"<p>Der Klassiker mit Regular Fit. Hochwertiges Baumwoll-Poloshirt mit Rippenb\u00fcndchen und Kragen. Leicht gepr\u00e4gte Knopfl\u00f6cher auf der Brust. Zielgruppe M\u00e4nnlich<\/p>\n","protected":false},"featured_media":440020,"template":"","meta":{"_seopress_robots_primary_cat":"none","_seopress_titles_title":"","_seopress_titles_desc":"","_seopress_robots_index":""},"product_brand":[3554],"product_cat":[974,975,82],"product_tag":[3266],"class_list":{"0":"post-512729","1":"product","2":"type-product","3":"status-publish","4":"has-post-thumbnail","6":"product_brand-stihl-de","7":"product_cat-freizeitkleidung","8":"product_cat-herrenbekleidung","9":"product_cat-kleidung","10":"product_tag-import-stihl-de","11":"sws-conto-ricavi-merci-rivendita-abbigliamento-de","12":"sws-gruppo-iva-iva81-de","14":"first","15":"instock","16":"shipping-taxable","17":"purchasable","18":"product-type-variable"},"_links":{"self":[{"href":"https:\/\/lucacastelli.com\/de\/wp-json\/wp\/v2\/product\/512729","targetHints":{"allow":["GET"]}}],"collection":[{"href":"https:\/\/lucacastelli.com\/de\/wp-json\/wp\/v2\/product"}],"about":[{"href":"https:\/\/lucacastelli.com\/de\/wp-json\/wp\/v2\/types\/product"}],"wp:featuredmedia":[{"embeddable":true,"href":"https:\/\/lucacastelli.com\/de\/wp-json\/wp\/v2\/media\/440020"}],"wp:attachment":[{"href":"https:\/\/lucacastelli.com\/de\/wp-json\/wp\/v2\/media?parent=512729"}],"wp:term":[{"taxonomy":"product_brand","embeddable":true,"href":"https:\/\/lucacastelli.com\/de\/wp-json\/wp\/v2\/product_brand?post=512729"},{"taxonomy":"product_cat","embeddable":true,"href":"https:\/\/lucacastelli.com\/de\/wp-json\/wp\/v2\/product_cat?post=512729"},{"taxonomy":"product_tag","embeddable":true,"href":"https:\/\/lucacastelli.com\/de\/wp-json\/wp\/v2\/product_tag?post=512729"}],"curies":[{"name":"wp","href":"https:\/\/api.w.org\/{rel}","templated":true}]}}