{"id":512689,"date":"2025-06-01T13:20:28","date_gmt":"2025-06-01T11:20:28","guid":{"rendered":"https:\/\/lucacastelli.com\/prodotto\/stihl-t-shirt-kids-utility\/"},"modified":"2025-06-01T13:20:28","modified_gmt":"2025-06-01T11:20:28","slug":"stihl-t-shirt-kids-utility","status":"publish","type":"product","link":"https:\/\/lucacastelli.com\/de\/produkt\/stihl-t-shirt-kids-utility\/","title":{"rendered":"STIHL T-Shirt KIDS UTILITY"},"content":{"rendered":"<p>T-Shirt mit aufgesetzter Brusttasche, erg\u00e4nzt durch einen hochwertigen, leicht gepr\u00e4gten Druck in Form unserer Kettens\u00e4ge, Logo-Label auf dem R\u00fccken.<br \/>\nZielgruppe Kind<\/p>\n","protected":false},"excerpt":{"rendered":"<p>T-Shirt mit aufgesetzter Brusttasche, erg\u00e4nzt durch einen hochwertigen, leicht gepr\u00e4gten Druck in Form unserer Kettens\u00e4ge, Logo-Label auf dem R\u00fccken. Zielgruppe<\/p>\n","protected":false},"featured_media":440470,"template":"","meta":{"_seopress_robots_primary_cat":"none","_seopress_titles_title":"","_seopress_titles_desc":"","_seopress_robots_index":""},"product_brand":[3366],"product_cat":[21,189,685],"product_tag":[3265],"class_list":{"0":"post-512689","1":"product","2":"type-product","3":"status-publish","4":"has-post-thumbnail","6":"product_brand-stihl","7":"product_cat-abbigliamento","8":"product_cat-abbigliamento-per-il-tempo-libero","9":"product_cat-abbigliamento-da-bambino","10":"product_tag-import-stihl","11":"sws-conto-ricavi-merci-rivendita-abbigliamento-de","12":"sws-gruppo-iva-iva81-de","14":"first","15":"instock","16":"shipping-taxable","17":"purchasable","18":"product-type-variable"},"_links":{"self":[{"href":"https:\/\/lucacastelli.com\/de\/wp-json\/wp\/v2\/product\/512689","targetHints":{"allow":["GET"]}}],"collection":[{"href":"https:\/\/lucacastelli.com\/de\/wp-json\/wp\/v2\/product"}],"about":[{"href":"https:\/\/lucacastelli.com\/de\/wp-json\/wp\/v2\/types\/product"}],"wp:featuredmedia":[{"embeddable":true,"href":"https:\/\/lucacastelli.com\/de\/wp-json\/wp\/v2\/media\/440470"}],"wp:attachment":[{"href":"https:\/\/lucacastelli.com\/de\/wp-json\/wp\/v2\/media?parent=512689"}],"wp:term":[{"taxonomy":"product_brand","embeddable":true,"href":"https:\/\/lucacastelli.com\/de\/wp-json\/wp\/v2\/product_brand?post=512689"},{"taxonomy":"product_cat","embeddable":true,"href":"https:\/\/lucacastelli.com\/de\/wp-json\/wp\/v2\/product_cat?post=512689"},{"taxonomy":"product_tag","embeddable":true,"href":"https:\/\/lucacastelli.com\/de\/wp-json\/wp\/v2\/product_tag?post=512689"}],"curies":[{"name":"wp","href":"https:\/\/api.w.org\/{rel}","templated":true}]}}