{"id":512664,"date":"2025-06-02T12:11:59","date_gmt":"2025-06-02T10:11:59","guid":{"rendered":"https:\/\/lucacastelli.com\/prodotto\/stihl-latzhose-function-ergo\/"},"modified":"2025-06-02T12:11:59","modified_gmt":"2025-06-02T10:11:59","slug":"stihl-latzhose-function-ergo","status":"publish","type":"product","link":"https:\/\/lucacastelli.com\/de\/produkt\/stihl-latzhose-function-ergo\/","title":{"rendered":"STIHL Latzhose FUNCTION ERGO"},"content":{"rendered":"<p>Gefertigt aus besonders robustem Material f\u00fcr eine lange Lebensdauer. Mit zertifiziertem Schnittschutz (EN 381), signalgr\u00fcn und orange, elastischen Eins\u00e4tzen, Eins\u00e4tzen mit Bel\u00fcftungs\u00f6ffnungen, Knieverst\u00e4rkungen, reflektierenden Eins\u00e4tzen f\u00fcr gute Sichtbarkeit, Mehrzwecktaschen, zwei Einschubtaschen auf der Vorderseite mit Rei\u00dfverschl\u00fcssen. Mit KWF-Nutzwert-Zertifizierung.<br \/>\n886661922413  <\/p>\n<p>SCHNITTSCHUTZ 1<\/p>\n","protected":false},"excerpt":{"rendered":"<p>Gefertigt aus besonders robustem Material f\u00fcr eine lange Lebensdauer. Mit zertifiziertem Schnittschutz (EN 381), signalgr\u00fcn und orange, elastischen Eins\u00e4tzen, Eins\u00e4tzen<\/p>\n","protected":false},"featured_media":512603,"template":"","meta":{"_seopress_robots_primary_cat":"none","_seopress_titles_title":"","_seopress_titles_desc":"","_seopress_robots_index":""},"product_brand":[3366],"product_cat":[21,284],"product_tag":[3265],"class_list":{"0":"post-512664","1":"product","2":"type-product","3":"status-publish","4":"has-post-thumbnail","6":"product_brand-stihl","7":"product_cat-abbigliamento","8":"product_cat-abbigliamento-da-lavoro","9":"product_tag-import-stihl","10":"sws-conto-ricavi-merci-rivendita-abbigliamento-de","11":"sws-gruppo-iva-iva81-de","13":"first","14":"instock","15":"sale","16":"shipping-taxable","17":"purchasable","18":"product-type-variable"},"_links":{"self":[{"href":"https:\/\/lucacastelli.com\/de\/wp-json\/wp\/v2\/product\/512664","targetHints":{"allow":["GET"]}}],"collection":[{"href":"https:\/\/lucacastelli.com\/de\/wp-json\/wp\/v2\/product"}],"about":[{"href":"https:\/\/lucacastelli.com\/de\/wp-json\/wp\/v2\/types\/product"}],"wp:featuredmedia":[{"embeddable":true,"href":"https:\/\/lucacastelli.com\/de\/wp-json\/wp\/v2\/media\/512603"}],"wp:attachment":[{"href":"https:\/\/lucacastelli.com\/de\/wp-json\/wp\/v2\/media?parent=512664"}],"wp:term":[{"taxonomy":"product_brand","embeddable":true,"href":"https:\/\/lucacastelli.com\/de\/wp-json\/wp\/v2\/product_brand?post=512664"},{"taxonomy":"product_cat","embeddable":true,"href":"https:\/\/lucacastelli.com\/de\/wp-json\/wp\/v2\/product_cat?post=512664"},{"taxonomy":"product_tag","embeddable":true,"href":"https:\/\/lucacastelli.com\/de\/wp-json\/wp\/v2\/product_tag?post=512664"}],"curies":[{"name":"wp","href":"https:\/\/api.w.org\/{rel}","templated":true}]}}