{"id":512663,"date":"2025-08-03T10:23:43","date_gmt":"2025-08-03T08:23:43","guid":{"rendered":"https:\/\/lucacastelli.com\/prodotto\/stihl-t-shirt-weisses-logo\/"},"modified":"2025-06-01T10:23:43","modified_gmt":"2025-06-01T08:23:43","slug":"stihl-t-shirt-weisses-logo","status":"publish","type":"product","link":"https:\/\/lucacastelli.com\/de\/produkt\/stihl-t-shirt-weisses-logo\/","title":{"rendered":"STIHL T-Shirt WEISSES LOGO"},"content":{"rendered":"<p>Das STIHL Fan-T-Shirt hat nichts mit Understatement zu tun. Im Gegenteil: Es ist ein klares Bekenntnis zur Marke, schlie\u00dflich pr\u00e4sentiert der Tr\u00e4ger stolz das Logo, tonal in Schwarz oder Wei\u00df, auf der Brust. <\/p>\n<p>Zielgruppe M\u00e4nnlich<\/p>\n<p>&nbsp;<\/p>\n","protected":false},"excerpt":{"rendered":"<p>Das STIHL Fan-T-Shirt hat nichts mit Understatement zu tun. Im Gegenteil: Es ist ein klares Bekenntnis zur Marke, schlie\u00dflich pr\u00e4sentiert<\/p>\n","protected":false},"featured_media":440380,"template":"","meta":{"_seopress_robots_primary_cat":"none","_seopress_titles_title":"","_seopress_titles_desc":"","_seopress_robots_index":""},"product_brand":[3554],"product_cat":[82,974,975],"product_tag":[3266],"class_list":{"0":"post-512663","1":"product","2":"type-product","3":"status-publish","4":"has-post-thumbnail","6":"product_brand-stihl-de","7":"product_cat-kleidung","8":"product_cat-freizeitkleidung","9":"product_cat-herrenbekleidung","10":"product_tag-import-stihl-de","12":"first","13":"instock","14":"shipping-taxable","15":"purchasable","16":"product-type-variable"},"_links":{"self":[{"href":"https:\/\/lucacastelli.com\/de\/wp-json\/wp\/v2\/product\/512663","targetHints":{"allow":["GET"]}}],"collection":[{"href":"https:\/\/lucacastelli.com\/de\/wp-json\/wp\/v2\/product"}],"about":[{"href":"https:\/\/lucacastelli.com\/de\/wp-json\/wp\/v2\/types\/product"}],"wp:featuredmedia":[{"embeddable":true,"href":"https:\/\/lucacastelli.com\/de\/wp-json\/wp\/v2\/media\/440380"}],"wp:attachment":[{"href":"https:\/\/lucacastelli.com\/de\/wp-json\/wp\/v2\/media?parent=512663"}],"wp:term":[{"taxonomy":"product_brand","embeddable":true,"href":"https:\/\/lucacastelli.com\/de\/wp-json\/wp\/v2\/product_brand?post=512663"},{"taxonomy":"product_cat","embeddable":true,"href":"https:\/\/lucacastelli.com\/de\/wp-json\/wp\/v2\/product_cat?post=512663"},{"taxonomy":"product_tag","embeddable":true,"href":"https:\/\/lucacastelli.com\/de\/wp-json\/wp\/v2\/product_tag?post=512663"}],"curies":[{"name":"wp","href":"https:\/\/api.w.org\/{rel}","templated":true}]}}