{"id":512636,"date":"2025-06-04T11:54:18","date_gmt":"2025-06-04T09:54:18","guid":{"rendered":"https:\/\/lucacastelli.com\/prodotto\/stihl-t-shirt-small-axe-weiss\/"},"modified":"2025-06-04T11:54:18","modified_gmt":"2025-06-04T09:54:18","slug":"stihl-t-shirt-small-axe-weiss","status":"publish","type":"product","link":"https:\/\/lucacastelli.com\/de\/produkt\/stihl-t-shirt-small-axe-weiss\/","title":{"rendered":"STIHL T-Shirt SMALL AXE wei\u00df"},"content":{"rendered":"<p>Entspanntes Regular-Fit-T-Shirt aus hochwertiger Single-Jersey-Baumwolle. STIHL TIMBERSPORTS\u00ae Logo: farbenfroher, leicht gepr\u00e4gter Print mit gekreuzten \u00c4xten auf Brusth\u00f6he. <\/p>\n<p>Zielgruppe M\u00e4nnlich<\/p>\n","protected":false},"excerpt":{"rendered":"<p>Entspanntes Regular-Fit-T-Shirt aus hochwertiger Single-Jersey-Baumwolle. STIHL TIMBERSPORTS\u00ae Logo: farbenfroher, leicht gepr\u00e4gter Print mit gekreuzten \u00c4xten auf Brusth\u00f6he. Zielgruppe M\u00e4nnlich<\/p>\n","protected":false},"featured_media":439975,"template":"","meta":{"_seopress_robots_primary_cat":"none","_seopress_titles_title":"","_seopress_titles_desc":"","_seopress_robots_index":""},"product_brand":[3554],"product_cat":[974,975,82],"product_tag":[3266],"class_list":{"0":"post-512636","1":"product","2":"type-product","3":"status-publish","4":"has-post-thumbnail","6":"product_brand-stihl-de","7":"product_cat-freizeitkleidung","8":"product_cat-herrenbekleidung","9":"product_cat-kleidung","10":"product_tag-import-stihl-de","11":"sws-conto-ricavi-merci-rivendita-abbigliamento-de","12":"sws-gruppo-iva-iva81-de","14":"first","15":"instock","16":"shipping-taxable","17":"purchasable","18":"product-type-variable"},"_links":{"self":[{"href":"https:\/\/lucacastelli.com\/de\/wp-json\/wp\/v2\/product\/512636","targetHints":{"allow":["GET"]}}],"collection":[{"href":"https:\/\/lucacastelli.com\/de\/wp-json\/wp\/v2\/product"}],"about":[{"href":"https:\/\/lucacastelli.com\/de\/wp-json\/wp\/v2\/types\/product"}],"wp:featuredmedia":[{"embeddable":true,"href":"https:\/\/lucacastelli.com\/de\/wp-json\/wp\/v2\/media\/439975"}],"wp:attachment":[{"href":"https:\/\/lucacastelli.com\/de\/wp-json\/wp\/v2\/media?parent=512636"}],"wp:term":[{"taxonomy":"product_brand","embeddable":true,"href":"https:\/\/lucacastelli.com\/de\/wp-json\/wp\/v2\/product_brand?post=512636"},{"taxonomy":"product_cat","embeddable":true,"href":"https:\/\/lucacastelli.com\/de\/wp-json\/wp\/v2\/product_cat?post=512636"},{"taxonomy":"product_tag","embeddable":true,"href":"https:\/\/lucacastelli.com\/de\/wp-json\/wp\/v2\/product_tag?post=512636"}],"curies":[{"name":"wp","href":"https:\/\/api.w.org\/{rel}","templated":true}]}}