{"id":512609,"date":"2025-12-16T08:50:48","date_gmt":"2025-12-16T07:50:48","guid":{"rendered":"https:\/\/lucacastelli.com\/prodotto\/stihl-fleece-jacke-schwarz\/"},"modified":"2026-01-02T18:53:37","modified_gmt":"2026-01-02T17:53:37","slug":"stihl-fleece-jacke-schwarz","status":"publish","type":"product","link":"https:\/\/lucacastelli.com\/de\/produkt\/stihl-fleece-jacke-schwarz\/","title":{"rendered":"STIHL Faserpelzjacke Schwarz"},"content":{"rendered":"<p>Klassisches Design, zuverl\u00e4ssiges Material: Die weiche und warme Fleecejacke aus Polyesterfasern sch\u00fctzt vor K\u00e4lte, ohne die Bewegungsfreiheit einzuschr\u00e4nken. Das STIHL Logo auf der Brust ist das Detail, das das Design abrundet. <\/p>\n<p>Zielgruppe Unisex<\/p>\n<p>&nbsp;<\/p>\n","protected":false},"excerpt":{"rendered":"<p>Klassisches Design, zuverl\u00e4ssiges Material: Die weiche und warme Fleecejacke aus Polyesterfasern sch\u00fctzt vor K\u00e4lte, ohne die Bewegungsfreiheit einzuschr\u00e4nken. Das STIHL<\/p>\n","protected":false},"featured_media":440130,"template":"","meta":{"_seopress_robots_primary_cat":"none","_seopress_titles_title":"","_seopress_titles_desc":"","_seopress_robots_index":""},"product_brand":[3554],"product_cat":[974,975,82],"product_tag":[3266],"class_list":{"0":"post-512609","1":"product","2":"type-product","3":"status-publish","4":"has-post-thumbnail","6":"product_brand-stihl-de","7":"product_cat-freizeitkleidung","8":"product_cat-herrenbekleidung","9":"product_cat-kleidung","10":"product_tag-import-stihl-de","11":"sws-conto-ricavi-merci-rivendita-abbigliamento-de","12":"sws-gruppo-iva-iva81-de","14":"first","15":"instock","16":"shipping-taxable","17":"purchasable","18":"product-type-variable"},"_links":{"self":[{"href":"https:\/\/lucacastelli.com\/de\/wp-json\/wp\/v2\/product\/512609","targetHints":{"allow":["GET"]}}],"collection":[{"href":"https:\/\/lucacastelli.com\/de\/wp-json\/wp\/v2\/product"}],"about":[{"href":"https:\/\/lucacastelli.com\/de\/wp-json\/wp\/v2\/types\/product"}],"wp:featuredmedia":[{"embeddable":true,"href":"https:\/\/lucacastelli.com\/de\/wp-json\/wp\/v2\/media\/440130"}],"wp:attachment":[{"href":"https:\/\/lucacastelli.com\/de\/wp-json\/wp\/v2\/media?parent=512609"}],"wp:term":[{"taxonomy":"product_brand","embeddable":true,"href":"https:\/\/lucacastelli.com\/de\/wp-json\/wp\/v2\/product_brand?post=512609"},{"taxonomy":"product_cat","embeddable":true,"href":"https:\/\/lucacastelli.com\/de\/wp-json\/wp\/v2\/product_cat?post=512609"},{"taxonomy":"product_tag","embeddable":true,"href":"https:\/\/lucacastelli.com\/de\/wp-json\/wp\/v2\/product_tag?post=512609"}],"curies":[{"name":"wp","href":"https:\/\/api.w.org\/{rel}","templated":true}]}}