{"id":512446,"date":"2025-02-10T18:14:30","date_gmt":"2025-02-10T17:14:30","guid":{"rendered":"https:\/\/lucacastelli.com\/prodotto\/schienbeinschoner-protet-mit-eleastic\/"},"modified":"2025-02-10T18:14:30","modified_gmt":"2025-02-10T17:14:30","slug":"schienbeinschoner-protet-mit-eleastic","status":"publish","type":"product","link":"https:\/\/lucacastelli.com\/de\/produkt\/schienbeinschoner-protet-mit-eleastic\/","title":{"rendered":"SCHIENBEINSCHONER PROTET. MIT ELEASTIC"},"content":{"rendered":"<p>Sicherheits-Schienbeinsch\u00fctzer sind die ideale L\u00f6sung f\u00fcr maximalen Schutz der Knie und Schienbeine beim Einsatz von Freischneidern, Kettens\u00e4gen, Baumschnittmaschinen und bei der Forstarbeit im Allgemeinen, sowohl f\u00fcr den Hobby- als auch f\u00fcr den professionellen Einsatz.<\/p>\n<p>Ihr robuster Au\u00dfenschutz aus hochfestem Polyethylen sch\u00fctzt perfekt vor St\u00f6\u00dfen mit Steinen, Kies, Rinde und anderen harten Materialien, die uns bei Beschleunigung treffen und selbst schwerste Verletzungen an den unteren Gliedma\u00dfen verursachen k\u00f6nnen.<\/p>\n<p>Sie sind in einer Einheitsgr\u00f6\u00dfe erh\u00e4ltlich, die mit Clips und Gummib\u00e4ndern verstellt werden kann und praktisch jedem Bein passt.<\/p>\n<p>Das macht sie perfekt f\u00fcr jede Gr\u00f6\u00dfe und reduziert die Fehlerquote bei der Bestellung praktisch auf Null, so dass unangenehme Lieferverz\u00f6gerungen durch die Bearbeitung von Retouren vermieden werden.<\/p>\n<p>Unsere Schienbeinsch\u00fctzer f\u00fcr die Forstwirtschaft sind der ideale Schutz f\u00fcr Knie und Schienbeine, denn sie sind ein professionelles Sicherheitsprodukt der Kategorie 1 mit einer nach der europ\u00e4ischen Norm EN 14021 (2003) zertifizierten Sto\u00dffestigkeit von durchschnittlich 8,18 kN.<\/p>\n","protected":false},"excerpt":{"rendered":"<p>Sicherheits-Schienbeinsch\u00fctzer sind die ideale L\u00f6sung f\u00fcr maximalen Schutz der Knie und Schienbeine beim Einsatz von Freischneidern, Kettens\u00e4gen, Baumschnittmaschinen und bei<\/p>\n","protected":false},"featured_media":96580,"template":"","meta":{"_seopress_robots_primary_cat":"","_seopress_titles_title":"","_seopress_titles_desc":"","_seopress_robots_index":""},"product_brand":[3651],"product_cat":[82,1382],"product_tag":[],"class_list":{"0":"post-512446","1":"product","2":"type-product","3":"status-publish","4":"has-post-thumbnail","6":"product_brand-luca-castelli-legnami-de","7":"product_cat-kleidung","8":"product_cat-arbeitskleidung","10":"first","11":"instock","12":"shipping-taxable","13":"purchasable","14":"product-type-simple"},"_links":{"self":[{"href":"https:\/\/lucacastelli.com\/de\/wp-json\/wp\/v2\/product\/512446","targetHints":{"allow":["GET"]}}],"collection":[{"href":"https:\/\/lucacastelli.com\/de\/wp-json\/wp\/v2\/product"}],"about":[{"href":"https:\/\/lucacastelli.com\/de\/wp-json\/wp\/v2\/types\/product"}],"wp:featuredmedia":[{"embeddable":true,"href":"https:\/\/lucacastelli.com\/de\/wp-json\/wp\/v2\/media\/96580"}],"wp:attachment":[{"href":"https:\/\/lucacastelli.com\/de\/wp-json\/wp\/v2\/media?parent=512446"}],"wp:term":[{"taxonomy":"product_brand","embeddable":true,"href":"https:\/\/lucacastelli.com\/de\/wp-json\/wp\/v2\/product_brand?post=512446"},{"taxonomy":"product_cat","embeddable":true,"href":"https:\/\/lucacastelli.com\/de\/wp-json\/wp\/v2\/product_cat?post=512446"},{"taxonomy":"product_tag","embeddable":true,"href":"https:\/\/lucacastelli.com\/de\/wp-json\/wp\/v2\/product_tag?post=512446"}],"curies":[{"name":"wp","href":"https:\/\/api.w.org\/{rel}","templated":true}]}}