{"id":512417,"date":"2022-07-07T15:31:13","date_gmt":"2022-07-07T13:31:13","guid":{"rendered":"https:\/\/lucacastelli.com\/prodotto\/active-ac-500-vertikutierer\/"},"modified":"2022-07-07T15:31:13","modified_gmt":"2022-07-07T13:31:13","slug":"active-ac-500-vertikutierer","status":"publish","type":"product","link":"https:\/\/lucacastelli.com\/de\/produkt\/active-ac-500-vertikutierer\/","title":{"rendered":"ACTIVE AC 500 Vertikutierer"},"content":{"rendered":"<p>Professioneller, kompakter und zuverl\u00e4ssiger Vertikutierer. Die robuste Konstruktion verhindert ein Durchbiegen des Rahmens und erm\u00f6glicht so ein \u00e4u\u00dferst pr\u00e4zises Arbeiten. Die feste und die bewegliche Walze sind austauschbar, und die Arbeitstiefe kann je nach Bedarf millimetergenau eingestellt werden. Sie verf\u00fcgt \u00fcber eine doppelte Riemenscheibe mit doppeltem Riemen im Rotorantrieb. Der F\u00fchrungsholm ist f\u00fcr den einfachen Transport klappbar. Der Auffangkorb ist auf Anfrage erh\u00e4ltlich.     <\/p>\n<p>MOTORENSPEZIFIKATIONEN:<\/p>\n<p>Motor: HONDA GX160<br \/>\nMotorleistung: 3,6 KW (4,8 PS)<br \/>\nMotorfilter: \u00d6lbad<br \/>\nArbeitsbreite: 50 cm<br \/>\nSchnitth\u00f6he: Millimetereinstellung mit \u00dcbergabeposition<br \/>\nSchneidsystem: 4-Sektoren-Rotor mit beweglichen Messern<br \/>\nAnzahl der Messer: 48<br \/>\nMesserabstand: 20 mm<br \/>\nMesserst\u00e4rke: 3 mm<br \/>\nABMESSUNGEN UND GEWICHT<\/p>\n<p>Vorschub: Push-Pull<br \/>\nAntrieb: Riemenantrieb<br \/>\nAnlasser: R\u00fcckspulung<br \/>\nLenker: klappbar und h\u00f6henverstellbar<br \/>\nR\u00e4der: Vollgummi<br \/>\nRadabmessungen: Vorne: \u00d8 200 &#8211; Hinten: \u00d8 250<br \/>\nAbmessungen (mm): 1400x690x1090<br \/>\nGewicht (Kg): 74<br \/>\nErntekorbeinrichtung: Ja<br \/>\nAuf Anfrage:<\/p>\n<p>Fester Messersatz (Code: 025178)<br \/>\nKorb (lt) : 70 (Code: 025177)<\/p>\n","protected":false},"excerpt":{"rendered":"<p>Professioneller, kompakter und zuverl\u00e4ssiger Vertikutierer. Die robuste Konstruktion verhindert ein Durchbiegen des Rahmens und erm\u00f6glicht so ein \u00e4u\u00dferst pr\u00e4zises Arbeiten.<\/p>\n","protected":false},"featured_media":53308,"template":"","meta":{"_seopress_robots_primary_cat":"","_seopress_titles_title":"","_seopress_titles_desc":"","_seopress_robots_index":""},"product_brand":[4411],"product_cat":[169,1666,1662,1656],"product_tag":[],"class_list":{"0":"post-512417","1":"product","2":"type-product","3":"status-publish","4":"has-post-thumbnail","6":"product_brand-active-de","7":"product_cat-maschinen","8":"product_cat-motor-rasenmaher","9":"product_cat-rasenlufter","10":"product_cat-rasenmaher-und-roboter","11":"sws-gruppo-macchinari-de","12":"sws-conto-ricavi-merci-rivendita-macchinari-de","13":"sws-gruppo-iva-iva81-de","15":"first","16":"onbackorder","17":"shipping-taxable","18":"purchasable","19":"product-type-simple"},"_links":{"self":[{"href":"https:\/\/lucacastelli.com\/de\/wp-json\/wp\/v2\/product\/512417","targetHints":{"allow":["GET"]}}],"collection":[{"href":"https:\/\/lucacastelli.com\/de\/wp-json\/wp\/v2\/product"}],"about":[{"href":"https:\/\/lucacastelli.com\/de\/wp-json\/wp\/v2\/types\/product"}],"wp:featuredmedia":[{"embeddable":true,"href":"https:\/\/lucacastelli.com\/de\/wp-json\/wp\/v2\/media\/53308"}],"wp:attachment":[{"href":"https:\/\/lucacastelli.com\/de\/wp-json\/wp\/v2\/media?parent=512417"}],"wp:term":[{"taxonomy":"product_brand","embeddable":true,"href":"https:\/\/lucacastelli.com\/de\/wp-json\/wp\/v2\/product_brand?post=512417"},{"taxonomy":"product_cat","embeddable":true,"href":"https:\/\/lucacastelli.com\/de\/wp-json\/wp\/v2\/product_cat?post=512417"},{"taxonomy":"product_tag","embeddable":true,"href":"https:\/\/lucacastelli.com\/de\/wp-json\/wp\/v2\/product_tag?post=512417"}],"curies":[{"name":"wp","href":"https:\/\/api.w.org\/{rel}","templated":true}]}}