{"id":512412,"date":"2022-06-13T08:04:28","date_gmt":"2022-06-13T06:04:28","guid":{"rendered":"https:\/\/lucacastelli.com\/prodotto\/active-power-trac-1460-ext-450-kg\/"},"modified":"2022-06-13T08:04:28","modified_gmt":"2022-06-13T06:04:28","slug":"active-power-trac-1460-ext-450-kg","status":"publish","type":"product","link":"https:\/\/lucacastelli.com\/de\/produkt\/active-power-trac-1460-ext-450-kg\/","title":{"rendered":"ACTIVE POWER TRAC 1460 EXT 450 kg"},"content":{"rendered":"<p>Multifunktionaler Transporter mit vielf\u00e4ltigen Einsatzm\u00f6glichkeiten f\u00fcr alle Bed\u00fcrfnisse.<\/p>\n<p>TECHNISCHE MERKMALE:<\/p>\n<p>Motor: Mitsubishi GB181<br \/>\nMotortyp: 4-Takt-Einzylinder-Motor, luftgek\u00fchlt, mit h\u00e4ngenden OHV-Ventilen<br \/>\nVerdr\u00e4ngung: 181 CC<br \/>\nLeistung (hp\/kW): 6.3\/4.6<br \/>\nZ\u00fcndung: Selbstaufrollende R\u00fccksto\u00dfz\u00fcndung<br \/>\nKraftstoffversorgung: Green Petrol<br \/>\nTankinhalt (l): 3,6<br \/>\n\u00dcbertragung: 3 AV + 2 RM<br \/>\nTraktionszahnrad: Stahl<br \/>\nKupplung: Mechanische Riemenspannung<br \/>\nBremse: Intern expandierende Feststellbremse<br \/>\nDruck Boden (Abfluss\/Last Kg\/cm2): 0,066\/0,218<br \/>\nMaximale Neigung bei Nulllast: 25\u00b0<br \/>\nMaximale Neigung bei Volllast: 15\u00b0<br \/>\nKippmulde: manuell \/ hydraulisch (H)<br \/>\nGewicht (Kg): 190 \/ 200 (H)<br \/>\nGESCHWINDIGKEIT (Km\/h):<\/p>\n<p>1 AV: 1,93<br \/>\n2 AV: 3,87<br \/>\n3 AV: 6,0<br \/>\n1 RM: 1,84<br \/>\n2 RM: 3,68<br \/>\nMAXIMALE GRUNDFL\u00c4CHE<\/p>\n<p>Breite (mm): 670<br \/>\nL\u00e4nge (mm): 1670<br \/>\nH\u00f6he (mm): 1000<\/p>\n","protected":false},"excerpt":{"rendered":"<p>Multifunktionaler Transporter mit vielf\u00e4ltigen Einsatzm\u00f6glichkeiten f\u00fcr alle Bed\u00fcrfnisse. TECHNISCHE MERKMALE: Motor: Mitsubishi GB181 Motortyp: 4-Takt-Einzylinder-Motor, luftgek\u00fchlt, mit h\u00e4ngenden OHV-Ventilen Verdr\u00e4ngung:<\/p>\n","protected":false},"featured_media":52220,"template":"","meta":{"_seopress_robots_primary_cat":"","_seopress_titles_title":"","_seopress_titles_desc":"","_seopress_robots_index":""},"product_brand":[4411],"product_cat":[1454,169,1526],"product_tag":[],"class_list":{"0":"post-512412","1":"product","2":"type-product","3":"status-publish","4":"has-post-thumbnail","6":"product_brand-active-de","7":"product_cat-andere-gerate","8":"product_cat-maschinen","9":"product_cat-schubkarren","10":"sws-gruppo-macchinari-de","11":"sws-conto-ricavi-merci-rivendita-macchinari-de","12":"sws-gruppo-iva-iva81-de","14":"first","15":"onbackorder","16":"shipping-taxable","17":"purchasable","18":"product-type-simple"},"_links":{"self":[{"href":"https:\/\/lucacastelli.com\/de\/wp-json\/wp\/v2\/product\/512412","targetHints":{"allow":["GET"]}}],"collection":[{"href":"https:\/\/lucacastelli.com\/de\/wp-json\/wp\/v2\/product"}],"about":[{"href":"https:\/\/lucacastelli.com\/de\/wp-json\/wp\/v2\/types\/product"}],"wp:featuredmedia":[{"embeddable":true,"href":"https:\/\/lucacastelli.com\/de\/wp-json\/wp\/v2\/media\/52220"}],"wp:attachment":[{"href":"https:\/\/lucacastelli.com\/de\/wp-json\/wp\/v2\/media?parent=512412"}],"wp:term":[{"taxonomy":"product_brand","embeddable":true,"href":"https:\/\/lucacastelli.com\/de\/wp-json\/wp\/v2\/product_brand?post=512412"},{"taxonomy":"product_cat","embeddable":true,"href":"https:\/\/lucacastelli.com\/de\/wp-json\/wp\/v2\/product_cat?post=512412"},{"taxonomy":"product_tag","embeddable":true,"href":"https:\/\/lucacastelli.com\/de\/wp-json\/wp\/v2\/product_tag?post=512412"}],"curies":[{"name":"wp","href":"https:\/\/api.w.org\/{rel}","templated":true}]}}