{"id":512407,"date":"2022-06-13T08:03:31","date_gmt":"2022-06-13T06:03:31","guid":{"rendered":"https:\/\/lucacastelli.com\/prodotto\/wirkleistungsschiene-1460-h\/"},"modified":"2022-06-13T08:03:31","modified_gmt":"2022-06-13T06:03:31","slug":"wirkleistungsschiene-1460-h","status":"publish","type":"product","link":"https:\/\/lucacastelli.com\/de\/produkt\/wirkleistungsschiene-1460-h\/","title":{"rendered":"WIRKLEISTUNGSSCHIENE 1460-H"},"content":{"rendered":"<p>Multifunktionaler Transporter mit vielf\u00e4ltigen Einsatzm\u00f6glichkeiten f\u00fcr alle Bed\u00fcrfnisse.<\/p>\n<p>Ideal f\u00fcr gezielte und selektive Behandlungen der Vegetation und der Pflanzen zwischen den Reihen, wenn der Platz begrenzt und das Gel\u00e4nde schwierig ist. Ein praktisches Ventil erm\u00f6glicht die genaue Einstellung des Drucks je nach Einsatzart. Der gro\u00dfe Tank garantiert eine lange Betriebsautonomie.  <\/p>\n<p>Ohne Plattform und mit PTO KIT + SPRAYER KIT<\/p>\n<p>TECHNISCHE DATEN<\/p>\n<p>MAX DURCHFLUSS: 35 Liter\/min<br \/>\nFASSUNG DES TANKES: 200 Liter<br \/>\nPUMPE: Membran<br \/>\nMINDESTH\u00d6HE \u00dcBER DEM BODEN: 65 mm<br \/>\nMAXIMALER DRUCK: 40 bar<br \/>\nPOWER TRACK 1460 + KIT: 210 kg<br \/>\nMAXIMALE GR\u00d6SSE: 670 mm x 2100 mm x 1160 mm (h)<br \/>\nBODENDRUCK KG\/CM2: Abfluss: 0,090 Last: 0,135  <\/p>\n<p>TECHNISCHE MERKMALE:<\/p>\n<p>Motor: Mitsubishi GB181<br \/>\nMotortyp: 4-Takt-Einzylinder-Motor, luftgek\u00fchlt, mit h\u00e4ngenden OHV-Ventilen<br \/>\nVerdr\u00e4ngung: 181 CC<br \/>\nLeistung (hp\/kW): 6.3\/4.6<br \/>\nZ\u00fcndung: Selbstaufrollende R\u00fccksto\u00dfz\u00fcndung<br \/>\nKraftstoffversorgung: Green Petrol<br \/>\nTankinhalt (l): 3,6<br \/>\n\u00dcbertragung: 3 AV + 2 RM<br \/>\nTraktionszahnrad: Stahl<br \/>\nKupplung: Mechanische Riemenspannung<br \/>\nBremse: Intern expandierende Feststellbremse<br \/>\nDruck Boden (Abfluss\/Last Kg\/cm2): 0,066\/0,218<br \/>\nMaximale Neigung bei Nulllast: 25\u00b0<br \/>\nMaximale Neigung bei Volllast: 15\u00b0<br \/>\nKippmulde: manuell \/ hydraulisch (H)<br \/>\nGewicht (Kg): 190 \/ 200 (H)<br \/>\nGESCHWINDIGKEIT (Km\/h):<\/p>\n<p>1 AV: 1,93<br \/>\n2 AV: 3,87<br \/>\n3 AV: 6,0<br \/>\n1 RM: 1,84<br \/>\n2 RM: 3,68<br \/>\nMAXIMALE GRUNDFL\u00c4CHE<\/p>\n<p>Breite (mm): 670<br \/>\nL\u00e4nge (mm): 1670<br \/>\nH\u00f6he (mm): 1000<\/p>\n","protected":false},"excerpt":{"rendered":"<p>Multifunktionaler Transporter mit vielf\u00e4ltigen Einsatzm\u00f6glichkeiten f\u00fcr alle Bed\u00fcrfnisse. Ideal f\u00fcr gezielte und selektive Behandlungen der Vegetation und der Pflanzen zwischen<\/p>\n","protected":false},"featured_media":52186,"template":"","meta":{"_seopress_robots_primary_cat":"","_seopress_titles_title":"","_seopress_titles_desc":"","_seopress_robots_index":""},"product_brand":[4411],"product_cat":[1454,169,1517],"product_tag":[],"class_list":{"0":"post-512407","1":"product","2":"type-product","3":"status-publish","4":"has-post-thumbnail","6":"product_brand-active-de","7":"product_cat-andere-gerate","8":"product_cat-maschinen","9":"product_cat-spruhgerate","10":"sws-gruppo-macchinari-de","11":"sws-conto-ricavi-merci-rivendita-macchinari-de","12":"sws-gruppo-iva-iva81-de","14":"first","15":"onbackorder","16":"shipping-taxable","17":"purchasable","18":"product-type-simple"},"_links":{"self":[{"href":"https:\/\/lucacastelli.com\/de\/wp-json\/wp\/v2\/product\/512407","targetHints":{"allow":["GET"]}}],"collection":[{"href":"https:\/\/lucacastelli.com\/de\/wp-json\/wp\/v2\/product"}],"about":[{"href":"https:\/\/lucacastelli.com\/de\/wp-json\/wp\/v2\/types\/product"}],"wp:featuredmedia":[{"embeddable":true,"href":"https:\/\/lucacastelli.com\/de\/wp-json\/wp\/v2\/media\/52186"}],"wp:attachment":[{"href":"https:\/\/lucacastelli.com\/de\/wp-json\/wp\/v2\/media?parent=512407"}],"wp:term":[{"taxonomy":"product_brand","embeddable":true,"href":"https:\/\/lucacastelli.com\/de\/wp-json\/wp\/v2\/product_brand?post=512407"},{"taxonomy":"product_cat","embeddable":true,"href":"https:\/\/lucacastelli.com\/de\/wp-json\/wp\/v2\/product_cat?post=512407"},{"taxonomy":"product_tag","embeddable":true,"href":"https:\/\/lucacastelli.com\/de\/wp-json\/wp\/v2\/product_tag?post=512407"}],"curies":[{"name":"wp","href":"https:\/\/api.w.org\/{rel}","templated":true}]}}