{"id":512207,"date":"2025-06-01T12:49:32","date_gmt":"2025-06-01T10:49:32","guid":{"rendered":"https:\/\/lucacastelli.com\/prodotto\/stihl-t-shirt-black-logo\/"},"modified":"2025-06-01T12:49:32","modified_gmt":"2025-06-01T10:49:32","slug":"stihl-t-shirt-black-logo","status":"publish","type":"product","link":"https:\/\/lucacastelli.com\/de\/produkt\/stihl-t-shirt-black-logo\/","title":{"rendered":"STIHL T-Shirt BLACK LOGO"},"content":{"rendered":"<p>Das STIHL Fan-T-Shirt hat nichts mit Understatement zu tun. Im Gegenteil: Es ist ein klares Bekenntnis zur Marke, schlie\u00dflich pr\u00e4sentiert der Tr\u00e4ger stolz das Logo, tonal in Schwarz oder Wei\u00df, auf der Brust. <\/p>\n<p>Zielgruppe M\u00e4nnlich<\/p>\n","protected":false},"excerpt":{"rendered":"<p>Das STIHL Fan-T-Shirt hat nichts mit Understatement zu tun. Im Gegenteil: Es ist ein klares Bekenntnis zur Marke, schlie\u00dflich pr\u00e4sentiert<\/p>\n","protected":false},"featured_media":440425,"template":"","meta":{"_seopress_robots_primary_cat":"none","_seopress_titles_title":"","_seopress_titles_desc":"","_seopress_robots_index":""},"product_brand":[3554],"product_cat":[974,975,82],"product_tag":[3266],"class_list":{"0":"post-512207","1":"product","2":"type-product","3":"status-publish","4":"has-post-thumbnail","6":"product_brand-stihl-de","7":"product_cat-freizeitkleidung","8":"product_cat-herrenbekleidung","9":"product_cat-kleidung","10":"product_tag-import-stihl-de","11":"sws-conto-ricavi-merci-rivendita-abbigliamento-de","12":"sws-gruppo-iva-iva81-de","14":"first","15":"outofstock","16":"shipping-taxable","17":"purchasable","18":"product-type-variable"},"_links":{"self":[{"href":"https:\/\/lucacastelli.com\/de\/wp-json\/wp\/v2\/product\/512207","targetHints":{"allow":["GET"]}}],"collection":[{"href":"https:\/\/lucacastelli.com\/de\/wp-json\/wp\/v2\/product"}],"about":[{"href":"https:\/\/lucacastelli.com\/de\/wp-json\/wp\/v2\/types\/product"}],"wp:featuredmedia":[{"embeddable":true,"href":"https:\/\/lucacastelli.com\/de\/wp-json\/wp\/v2\/media\/440425"}],"wp:attachment":[{"href":"https:\/\/lucacastelli.com\/de\/wp-json\/wp\/v2\/media?parent=512207"}],"wp:term":[{"taxonomy":"product_brand","embeddable":true,"href":"https:\/\/lucacastelli.com\/de\/wp-json\/wp\/v2\/product_brand?post=512207"},{"taxonomy":"product_cat","embeddable":true,"href":"https:\/\/lucacastelli.com\/de\/wp-json\/wp\/v2\/product_cat?post=512207"},{"taxonomy":"product_tag","embeddable":true,"href":"https:\/\/lucacastelli.com\/de\/wp-json\/wp\/v2\/product_tag?post=512207"}],"curies":[{"name":"wp","href":"https:\/\/api.w.org\/{rel}","templated":true}]}}