{"id":512201,"date":"2025-06-01T12:57:02","date_gmt":"2025-06-01T10:57:02","guid":{"rendered":"https:\/\/lucacastelli.com\/prodotto\/stihl-icon-daunenjacke\/"},"modified":"2025-06-01T12:57:02","modified_gmt":"2025-06-01T10:57:02","slug":"stihl-icon-daunenjacke","status":"publish","type":"product","link":"https:\/\/lucacastelli.com\/de\/produkt\/stihl-icon-daunenjacke\/","title":{"rendered":"STIHL ICON Daunenjacke"},"content":{"rendered":"<p>Perfekt f\u00fcr kalte Tage: die rote Steppjacke mit Daunenf\u00fcllung. Mit ihrem STIHL orangefarbenen Futter ist sie ein Blickfang in jedem Kleiderschrank. Wenn Sie auf Reisen gehen, k\u00f6nnen Sie sie in der mitgelieferten Tasche verstauen. Und selbst wenn man sie aus der Tasche nimmt, knittert die komplett gesteppte Jacke mit versteckten Rei\u00dfverschlusstaschen und dem STIHL &#8220;LEGENDARY PERFORMANCE&#8221;-Emblem am Arm nicht. In der mitgelieferten Tasche l\u00e4sst sich die Daunenjacke auf ein Packma\u00df von 25 cm \u00d7 11 cm (Durchmesser) komprimieren.    <\/p>\n<p>Zielgruppe Frau<\/p>\n<p>&nbsp;<\/p>\n","protected":false},"excerpt":{"rendered":"<p>Perfekt f\u00fcr kalte Tage: die rote Steppjacke mit Daunenf\u00fcllung. Mit ihrem STIHL orangefarbenen Futter ist sie ein Blickfang in jedem<\/p>\n","protected":false},"featured_media":440238,"template":"","meta":{"_seopress_robots_primary_cat":"none","_seopress_titles_title":"","_seopress_titles_desc":"","_seopress_robots_index":""},"product_brand":[3554],"product_cat":[1388,974,82],"product_tag":[3266],"class_list":{"0":"post-512201","1":"product","2":"type-product","3":"status-publish","4":"has-post-thumbnail","6":"product_brand-stihl-de","7":"product_cat-damenbekleidung","8":"product_cat-freizeitkleidung","9":"product_cat-kleidung","10":"product_tag-import-stihl-de","11":"sws-conto-ricavi-merci-rivendita-abbigliamento-de","12":"sws-gruppo-iva-iva81-de","14":"first","15":"instock","16":"sale","17":"shipping-taxable","18":"purchasable","19":"product-type-variable"},"_links":{"self":[{"href":"https:\/\/lucacastelli.com\/de\/wp-json\/wp\/v2\/product\/512201","targetHints":{"allow":["GET"]}}],"collection":[{"href":"https:\/\/lucacastelli.com\/de\/wp-json\/wp\/v2\/product"}],"about":[{"href":"https:\/\/lucacastelli.com\/de\/wp-json\/wp\/v2\/types\/product"}],"wp:featuredmedia":[{"embeddable":true,"href":"https:\/\/lucacastelli.com\/de\/wp-json\/wp\/v2\/media\/440238"}],"wp:attachment":[{"href":"https:\/\/lucacastelli.com\/de\/wp-json\/wp\/v2\/media?parent=512201"}],"wp:term":[{"taxonomy":"product_brand","embeddable":true,"href":"https:\/\/lucacastelli.com\/de\/wp-json\/wp\/v2\/product_brand?post=512201"},{"taxonomy":"product_cat","embeddable":true,"href":"https:\/\/lucacastelli.com\/de\/wp-json\/wp\/v2\/product_cat?post=512201"},{"taxonomy":"product_tag","embeddable":true,"href":"https:\/\/lucacastelli.com\/de\/wp-json\/wp\/v2\/product_tag?post=512201"}],"curies":[{"name":"wp","href":"https:\/\/api.w.org\/{rel}","templated":true}]}}