{"id":511694,"date":"2025-07-24T13:49:57","date_gmt":"2025-07-24T11:49:57","guid":{"rendered":"https:\/\/lucacastelli.com\/?post_type=product&#038;p=511694"},"modified":"2026-04-16T00:56:35","modified_gmt":"2026-04-15T22:56:35","slug":"pfanner-stretchzone-warnschlauch-copia-copia","status":"publish","type":"product","link":"https:\/\/lucacastelli.com\/de\/produkt\/pfanner-stretchzone-warnschlauch-copia-copia\/","title":{"rendered":"PFANNER Canvas Warnhose EN 20471 neongelb"},"content":{"rendered":"<p>Die StretchZone\u00ae Warnhose EN 20471 ist unser Allrounder f\u00fcr verschiedenste T\u00e4tigkeiten, bei denen hohe Sichtbarkeit ohne Komforteinbu\u00dfen entscheidend ist. Sechs funktionelle Taschen f\u00fcr jeden Einsatz. Gladiator\u00ae Knieverst\u00e4rkung mit Klett\u00f6ffnung. Die StretchZone\u00ae Technologie garantiert eine perfekte Passform. Der elastische Zwickel im Schrittbereich und Mehrfachverriegelungen an der Ges\u00e4\u00dfnaht verhindern das Ausrei\u00dfen und \u00dcberdehnen der N\u00e4hte.<br \/>\n-Zertifizierte Warnfarbe EN 20471 \/ Klasse 2<br \/>\n-StretchZone\u00ae Technologie<br \/>\n-Gladiator\u00ae Cordura-Knieverst\u00e4rkung<br \/>\n-Kletteinschub f\u00fcr Kniepolster<br \/>\n-Sechs funktionelle Taschen, inklusive spezieller dreiteiliger Meterstabtasche<br \/>\n-Maximale Elastizit\u00e4t im Ges\u00e4\u00dfbereich    <\/p>\n<p>Material:<br \/>\nObermaterial: 70 % Polyester, 30 % Baumwolle<br \/>\nStretchstoff: 90 % Polyamid, 10 % Elasthan<br \/>\nGr\u00f6\u00dfen<br \/>\nDie StretchZone\u00ae Warnhose ist mit einem +5 cm Verl\u00e4ngerungssystem gefertigt.<br \/>\nNormen<br \/>\nEN 20471 \/ Klasse 2<\/p>\n","protected":false},"excerpt":{"rendered":"<p>Die StretchZone\u00ae Warnhose EN 20471 ist unser Allrounder f\u00fcr verschiedenste T\u00e4tigkeiten, bei denen hohe Sichtbarkeit ohne Komforteinbu\u00dfen entscheidend ist. Sechs<\/p>\n","protected":false},"featured_media":511719,"template":"","meta":{"_seopress_robots_primary_cat":"none","_seopress_titles_title":"","_seopress_titles_desc":"","_seopress_robots_index":""},"product_brand":[3458],"product_cat":[21,284],"product_tag":[],"class_list":{"0":"post-511694","1":"product","2":"type-product","3":"status-publish","4":"has-post-thumbnail","6":"product_brand-pfanner","7":"product_cat-abbigliamento","8":"product_cat-abbigliamento-da-lavoro","9":"sws-gruppo-no-gruppo-de","10":"sws-conto-ricavi-merci-rivendita-abbigliamento-de","11":"sws-gruppo-iva-iva81-de","13":"first","14":"instock","15":"shipping-taxable","16":"purchasable","17":"product-type-variable","18":"has-default-attributes"},"_links":{"self":[{"href":"https:\/\/lucacastelli.com\/de\/wp-json\/wp\/v2\/product\/511694","targetHints":{"allow":["GET"]}}],"collection":[{"href":"https:\/\/lucacastelli.com\/de\/wp-json\/wp\/v2\/product"}],"about":[{"href":"https:\/\/lucacastelli.com\/de\/wp-json\/wp\/v2\/types\/product"}],"wp:featuredmedia":[{"embeddable":true,"href":"https:\/\/lucacastelli.com\/de\/wp-json\/wp\/v2\/media\/511719"}],"wp:attachment":[{"href":"https:\/\/lucacastelli.com\/de\/wp-json\/wp\/v2\/media?parent=511694"}],"wp:term":[{"taxonomy":"product_brand","embeddable":true,"href":"https:\/\/lucacastelli.com\/de\/wp-json\/wp\/v2\/product_brand?post=511694"},{"taxonomy":"product_cat","embeddable":true,"href":"https:\/\/lucacastelli.com\/de\/wp-json\/wp\/v2\/product_cat?post=511694"},{"taxonomy":"product_tag","embeddable":true,"href":"https:\/\/lucacastelli.com\/de\/wp-json\/wp\/v2\/product_tag?post=511694"}],"curies":[{"name":"wp","href":"https:\/\/api.w.org\/{rel}","templated":true}]}}