{"id":511421,"date":"2025-07-24T13:38:38","date_gmt":"2025-07-24T11:38:38","guid":{"rendered":"https:\/\/lucacastelli.com\/?post_type=product&#038;p=511421"},"modified":"2025-09-04T00:05:54","modified_gmt":"2025-09-03T22:05:54","slug":"pfanner-stretchzone-warnschlauch-copia","status":"publish","type":"product","link":"https:\/\/lucacastelli.com\/de\/produkt\/pfanner-stretchzone-warnschlauch-copia\/","title":{"rendered":"Pfanner Canvas Warnhose EN 20471 hellrot"},"content":{"rendered":"<p>Die Stretchzone\u00ae EN 20471-Signalhose ist unser vielseitiges Kleidungsst\u00fcck f\u00fcr eine Vielzahl von Aktivit\u00e4ten, bei denen hohe Sichtbarkeit ohne Beeintr\u00e4chtigung des Komforts unerl\u00e4sslich ist. Sechs funktionelle Taschen f\u00fcr alle Einsatzzwecke. Gladiator-Verst\u00e4rkung an den Knien mit Klettverschluss\u00f6ffnung. Stretchzone-Technologie garantiert eine perfekte Passform der Hose. Elastischer Zwickel im Schrittbereich und Mehrfachverschl\u00fcsse in der R\u00fcckennaht verhindern das Einrei\u00dfen und \u00dcberdehnen der N\u00e4hte.<br \/>\n-Zertifiziert EN 20471 \/ Klasse 2<br \/>\n-StretchZone\u00ae-Technologie<br \/>\n-Verst\u00e4rkung aus Gladiator\u00ae Cordura an den Knien<br \/>\n-Klettverschluss-Einsatz f\u00fcr Kniepolster<br \/>\n-Sechs Funktionstaschen, darunter eine spezielle, dreigeteilte Ma\u00dfbandtasche<br \/>\n-Maximale Elastizit\u00e4t im R\u00fcckenbereich    <\/p>\n<p>Material:<br \/>\nAu\u00dfenmaterial: 70 % Polyester, 30 % Baumwolle<br \/>\nStretchmaterial: 90 % Polyamid, 10 % Elastan<br \/>\nGr\u00f6\u00dfen<br \/>\nDie Stretchzone\u00ae Warnschutzhose wird mit einem +5 cm Stretch-System hergestellt.<br \/>\nNormen<br \/>\nEN 20471 \/ Klasse 2<\/p>\n","protected":false},"excerpt":{"rendered":"<p>Die Stretchzone\u00ae EN 20471-Signalhose ist unser vielseitiges Kleidungsst\u00fcck f\u00fcr eine Vielzahl von Aktivit\u00e4ten, bei denen hohe Sichtbarkeit ohne Beeintr\u00e4chtigung des<\/p>\n","protected":false},"featured_media":511474,"template":"","meta":{"_seopress_robots_primary_cat":"none","_seopress_titles_title":"","_seopress_titles_desc":"","_seopress_robots_index":""},"product_brand":[3670],"product_cat":[82,1382],"product_tag":[],"class_list":{"0":"post-511421","1":"product","2":"type-product","3":"status-publish","4":"has-post-thumbnail","6":"product_brand-pfanner-de","7":"product_cat-kleidung","8":"product_cat-arbeitskleidung","9":"sws-gruppo-no-gruppo","10":"sws-conto-ricavi-merci-rivendita-abbigliamento","11":"sws-gruppo-iva-iva81","13":"first","14":"instock","15":"shipping-taxable","16":"purchasable","17":"product-type-variable","18":"has-default-attributes"},"_links":{"self":[{"href":"https:\/\/lucacastelli.com\/de\/wp-json\/wp\/v2\/product\/511421","targetHints":{"allow":["GET"]}}],"collection":[{"href":"https:\/\/lucacastelli.com\/de\/wp-json\/wp\/v2\/product"}],"about":[{"href":"https:\/\/lucacastelli.com\/de\/wp-json\/wp\/v2\/types\/product"}],"wp:featuredmedia":[{"embeddable":true,"href":"https:\/\/lucacastelli.com\/de\/wp-json\/wp\/v2\/media\/511474"}],"wp:attachment":[{"href":"https:\/\/lucacastelli.com\/de\/wp-json\/wp\/v2\/media?parent=511421"}],"wp:term":[{"taxonomy":"product_brand","embeddable":true,"href":"https:\/\/lucacastelli.com\/de\/wp-json\/wp\/v2\/product_brand?post=511421"},{"taxonomy":"product_cat","embeddable":true,"href":"https:\/\/lucacastelli.com\/de\/wp-json\/wp\/v2\/product_cat?post=511421"},{"taxonomy":"product_tag","embeddable":true,"href":"https:\/\/lucacastelli.com\/de\/wp-json\/wp\/v2\/product_tag?post=511421"}],"curies":[{"name":"wp","href":"https:\/\/api.w.org\/{rel}","templated":true}]}}