{"id":511299,"date":"2025-06-01T11:18:45","date_gmt":"2025-06-01T09:18:45","guid":{"rendered":"https:\/\/lucacastelli.com\/prodotto\/stihl-raintec-regenhosen\/"},"modified":"2025-07-26T20:10:43","modified_gmt":"2025-07-26T18:10:43","slug":"stihl-raintec-regenhosen","status":"publish","type":"product","link":"https:\/\/lucacastelli.com\/de\/produkt\/stihl-raintec-regenhosen\/","title":{"rendered":"STIHL RAINTEC Regenhosen"},"content":{"rendered":"<p>Funktionelles, atmungsaktives PES-Au\u00dfenmaterial. Perfekte Wasserdichtigkeit, wasserdichte Rei\u00dfverschl\u00fcsse. Rei\u00dfverschl\u00fcsse zur Bel\u00fcftung an den Oberschenkeln. Lange Seitenrei\u00dfverschl\u00fcsse f\u00fcr zus\u00e4tzlichen Komfort. Bel\u00fcftungs\u00f6ffnungen an den H\u00fcften f\u00fcr den Zugang zur Arbeitshose. Bew\u00e4hrter Schutz gegen Dornen in Action Arctic in den am meisten gef\u00e4hrdeten Bereichen. Praktische Oberschenkeltasche.      <\/p>\n<p>&nbsp;<\/p>\n","protected":false},"excerpt":{"rendered":"<p>Funktionelles, atmungsaktives PES-Au\u00dfenmaterial. Perfekte Wasserdichtigkeit, wasserdichte Rei\u00dfverschl\u00fcsse. Rei\u00dfverschl\u00fcsse zur Bel\u00fcftung an den Oberschenkeln. Lange Seitenrei\u00dfverschl\u00fcsse f\u00fcr zus\u00e4tzlichen Komfort. Bel\u00fcftungs\u00f6ffnungen an<\/p>\n","protected":false},"featured_media":453760,"template":"","meta":{"_seopress_robots_primary_cat":"none","_seopress_titles_title":"","_seopress_titles_desc":"","_seopress_robots_index":""},"product_brand":[3366],"product_cat":[21,284],"product_tag":[3265],"class_list":{"0":"post-511299","1":"product","2":"type-product","3":"status-publish","4":"has-post-thumbnail","6":"product_brand-stihl","7":"product_cat-abbigliamento","8":"product_cat-abbigliamento-da-lavoro","9":"product_tag-import-stihl","10":"sws-conto-ricavi-merci-rivendita-abbigliamento-de","11":"sws-gruppo-iva-iva81-de","13":"first","14":"instock","15":"sale","16":"shipping-taxable","17":"purchasable","18":"product-type-variable"},"_links":{"self":[{"href":"https:\/\/lucacastelli.com\/de\/wp-json\/wp\/v2\/product\/511299","targetHints":{"allow":["GET"]}}],"collection":[{"href":"https:\/\/lucacastelli.com\/de\/wp-json\/wp\/v2\/product"}],"about":[{"href":"https:\/\/lucacastelli.com\/de\/wp-json\/wp\/v2\/types\/product"}],"wp:featuredmedia":[{"embeddable":true,"href":"https:\/\/lucacastelli.com\/de\/wp-json\/wp\/v2\/media\/453760"}],"wp:attachment":[{"href":"https:\/\/lucacastelli.com\/de\/wp-json\/wp\/v2\/media?parent=511299"}],"wp:term":[{"taxonomy":"product_brand","embeddable":true,"href":"https:\/\/lucacastelli.com\/de\/wp-json\/wp\/v2\/product_brand?post=511299"},{"taxonomy":"product_cat","embeddable":true,"href":"https:\/\/lucacastelli.com\/de\/wp-json\/wp\/v2\/product_cat?post=511299"},{"taxonomy":"product_tag","embeddable":true,"href":"https:\/\/lucacastelli.com\/de\/wp-json\/wp\/v2\/product_tag?post=511299"}],"curies":[{"name":"wp","href":"https:\/\/api.w.org\/{rel}","templated":true}]}}