{"id":511278,"date":"2025-06-01T09:48:04","date_gmt":"2025-06-01T07:48:04","guid":{"rendered":"https:\/\/lucacastelli.com\/prodotto\/stihl-advance-x-light-bibshorts\/"},"modified":"2025-06-01T09:48:04","modified_gmt":"2025-06-01T07:48:04","slug":"stihl-advance-x-light-bibshorts","status":"publish","type":"product","link":"https:\/\/lucacastelli.com\/de\/produkt\/stihl-advance-x-light-bibshorts\/","title":{"rendered":"STIHL ADVANCE X-Light Bibshorts"},"content":{"rendered":"<p>Exklusiv f\u00fcr STIHL aus ultraleichtem und extrem atmungsaktivem AVERTIC pro lite-Schnittschutzmaterial (EN 381) hergestellt. Dieses sechslagige Material ist 20% leichter als das der ADVANCE Bekleidung. Farbe schwarz, atmungsaktives Gewebe auf der Beinr\u00fcckseite, besonders geeignet f\u00fcr heisse Tage, voll elastischer Schritt mit ProElast, verschliessbare Taschen, Latzhose mit Reissverschluss f\u00fcr einfaches An- und Ausziehen, reflektierende Elemente f\u00fcr erh\u00f6hte Sicherheit. Mit KWF-Nutzwert-Zertifizierung.   <\/p>\n","protected":false},"excerpt":{"rendered":"<p>Exklusiv f\u00fcr STIHL aus ultraleichtem und extrem atmungsaktivem AVERTIC pro lite-Schnittschutzmaterial (EN 381) hergestellt. Dieses sechslagige Material ist 20% leichter<\/p>\n","protected":false},"featured_media":510933,"template":"","meta":{"_seopress_robots_primary_cat":"none","_seopress_titles_title":"","_seopress_titles_desc":"","_seopress_robots_index":""},"product_brand":[3554],"product_cat":[82,1382],"product_tag":[3266],"class_list":{"0":"post-511278","1":"product","2":"type-product","3":"status-publish","4":"has-post-thumbnail","6":"product_brand-stihl-de","7":"product_cat-kleidung","8":"product_cat-arbeitskleidung","9":"product_tag-import-stihl-de","10":"sws-conto-ricavi-merci-rivendita-abbigliamento-de","11":"sws-gruppo-iva-iva81-de","13":"first","14":"instock","15":"sale","16":"shipping-taxable","17":"purchasable","18":"product-type-variable"},"_links":{"self":[{"href":"https:\/\/lucacastelli.com\/de\/wp-json\/wp\/v2\/product\/511278","targetHints":{"allow":["GET"]}}],"collection":[{"href":"https:\/\/lucacastelli.com\/de\/wp-json\/wp\/v2\/product"}],"about":[{"href":"https:\/\/lucacastelli.com\/de\/wp-json\/wp\/v2\/types\/product"}],"wp:featuredmedia":[{"embeddable":true,"href":"https:\/\/lucacastelli.com\/de\/wp-json\/wp\/v2\/media\/510933"}],"wp:attachment":[{"href":"https:\/\/lucacastelli.com\/de\/wp-json\/wp\/v2\/media?parent=511278"}],"wp:term":[{"taxonomy":"product_brand","embeddable":true,"href":"https:\/\/lucacastelli.com\/de\/wp-json\/wp\/v2\/product_brand?post=511278"},{"taxonomy":"product_cat","embeddable":true,"href":"https:\/\/lucacastelli.com\/de\/wp-json\/wp\/v2\/product_cat?post=511278"},{"taxonomy":"product_tag","embeddable":true,"href":"https:\/\/lucacastelli.com\/de\/wp-json\/wp\/v2\/product_tag?post=511278"}],"curies":[{"name":"wp","href":"https:\/\/api.w.org\/{rel}","templated":true}]}}