{"id":511251,"date":"2025-06-01T11:07:43","date_gmt":"2025-06-01T09:07:43","guid":{"rendered":"https:\/\/lucacastelli.com\/prodotto\/stihl-fleece-jacke-dynamic\/"},"modified":"2025-06-01T11:07:43","modified_gmt":"2025-06-01T09:07:43","slug":"stihl-fleece-jacke-dynamic","status":"publish","type":"product","link":"https:\/\/lucacastelli.com\/de\/produkt\/stihl-fleece-jacke-dynamic\/","title":{"rendered":"STIHL Fleece-Jacke DYNAMIC"},"content":{"rendered":"<p>Weiche, hoch dehnbare Microfleece-Jacke. Signalorange und schwarz, 97% Polyester, 3% Elasthan, atmungsaktiv, schnell trocknend, ideal als Midlayer, leichter Schutz vor Dornen und Sch\u00fcrfwunden, Brusttaschen mit Rei\u00dfverschluss und Daumenschlaufen, reflektierendes Kettens\u00e4gen-Design. Mit KWF-Nutzwert-Zertifizierung.  <\/p>\n","protected":false},"excerpt":{"rendered":"<p>Weiche, hoch dehnbare Microfleece-Jacke. Signalorange und schwarz, 97% Polyester, 3% Elasthan, atmungsaktiv, schnell trocknend, ideal als Midlayer, leichter Schutz vor<\/p>\n","protected":false},"featured_media":439369,"template":"","meta":{"_seopress_robots_primary_cat":"none","_seopress_titles_title":"","_seopress_titles_desc":"","_seopress_robots_index":""},"product_brand":[3554],"product_cat":[1382,82],"product_tag":[3266],"class_list":{"0":"post-511251","1":"product","2":"type-product","3":"status-publish","4":"has-post-thumbnail","6":"product_brand-stihl-de","7":"product_cat-arbeitskleidung","8":"product_cat-kleidung","9":"product_tag-import-stihl-de","11":"first","12":"instock","13":"sale","14":"shipping-taxable","15":"purchasable","16":"product-type-variable"},"_links":{"self":[{"href":"https:\/\/lucacastelli.com\/de\/wp-json\/wp\/v2\/product\/511251","targetHints":{"allow":["GET"]}}],"collection":[{"href":"https:\/\/lucacastelli.com\/de\/wp-json\/wp\/v2\/product"}],"about":[{"href":"https:\/\/lucacastelli.com\/de\/wp-json\/wp\/v2\/types\/product"}],"wp:featuredmedia":[{"embeddable":true,"href":"https:\/\/lucacastelli.com\/de\/wp-json\/wp\/v2\/media\/439369"}],"wp:attachment":[{"href":"https:\/\/lucacastelli.com\/de\/wp-json\/wp\/v2\/media?parent=511251"}],"wp:term":[{"taxonomy":"product_brand","embeddable":true,"href":"https:\/\/lucacastelli.com\/de\/wp-json\/wp\/v2\/product_brand?post=511251"},{"taxonomy":"product_cat","embeddable":true,"href":"https:\/\/lucacastelli.com\/de\/wp-json\/wp\/v2\/product_cat?post=511251"},{"taxonomy":"product_tag","embeddable":true,"href":"https:\/\/lucacastelli.com\/de\/wp-json\/wp\/v2\/product_tag?post=511251"}],"curies":[{"name":"wp","href":"https:\/\/api.w.org\/{rel}","templated":true}]}}