{"id":510901,"date":"2025-07-24T09:51:14","date_gmt":"2025-07-24T07:51:14","guid":{"rendered":"https:\/\/lucacastelli.com\/?post_type=product&#038;p=510901"},"modified":"2026-04-16T00:55:05","modified_gmt":"2026-04-15T22:55:05","slug":"pfanner-globe-outdoorhose-grau-copia-copia-copia","status":"publish","type":"product","link":"https:\/\/lucacastelli.com\/de\/produkt\/pfanner-globe-outdoorhose-grau-copia-copia-copia\/","title":{"rendered":"PFANNER Gladiator\u00ae Outdoorhose waldgr\u00fcn"},"content":{"rendered":"<p>Die Gladiator\u00ae Outdoorhose \u00fcberzeugt durch den rei\u00dffesten Gladiator\u00ae Oberstoff, der sie ideal f\u00fcr extremste Bedingungen macht. Das wasser- und schmutzabweisende Au\u00dfenmaterial ist extrem pflegeleicht. Die StretchAIR\u00ae Technologie auf der R\u00fcckseite garantiert Bewegungsfreiheit und eine perfekte Passform. Das Cocona-Innenfutter leitet Feuchtigkeit ab und ist angenehm auf der Haut. Bel\u00fcftungsrei\u00dfverschl\u00fcsse auf dem KlimaAIR\u00ae Gewebe sorgen f\u00fcr maximale Bel\u00fcftung und Temperaturregulierung auf der R\u00fcckseite. Zudem ist diese Hose mit einer speziellen dreifachen Meter- und Werkzeugtasche ausgestattet. Das Sympatex-Futter sorgt f\u00fcr die Wasserdichtigkeit der Vorderseite.<br \/>\n-Bel\u00fcftungsrei\u00dfverschl\u00fcsse<br \/>\n-Gladiator\u00ae Oberstoff<br \/>\n-KlimaAIR\u00ae Technologie<br \/>\n-StretchAIR\u00ae Technologie<br \/>\n-Kevlar-Knieverst\u00e4rkungen<br \/>\n-Kniepolstertasche mit Klettverschluss<br \/>\n-Abnehmbare Beine<br \/>\n-Sympatex-Futter<br \/>\n-EN 20471 Klasse 2 (nur Version in Warnorange)<br \/>\n-Reflexstreifen      <\/p>\n<p>Material<br \/>\nVorderseite: 100% Polyamid Cordura<br \/>\nStretchstoff: 92% Polyamid, 8% Elastan<br \/>\nFutter: 100% Polyester Cocona<br \/>\nNormen<br \/>\nEN 20471 \/ Klasse 2 (nur Version orange)<\/p>\n<p>&nbsp;<\/p>\n<p>&nbsp;<\/p>\n","protected":false},"excerpt":{"rendered":"<p>Die Gladiator\u00ae Outdoorhose \u00fcberzeugt durch den rei\u00dffesten Gladiator\u00ae Oberstoff, der sie ideal f\u00fcr extremste Bedingungen macht. Das wasser- und schmutzabweisende<\/p>\n","protected":false},"featured_media":510929,"template":"","meta":{"_seopress_robots_primary_cat":"none","_seopress_titles_title":"","_seopress_titles_desc":"","_seopress_robots_index":""},"product_brand":[3458],"product_cat":[21,284,189,190],"product_tag":[],"class_list":{"0":"post-510901","1":"product","2":"type-product","3":"status-publish","4":"has-post-thumbnail","6":"product_brand-pfanner","7":"product_cat-abbigliamento","8":"product_cat-abbigliamento-da-lavoro","9":"product_cat-abbigliamento-per-il-tempo-libero","10":"product_cat-abbigliamento-da-uomo","11":"sws-gruppo-no-gruppo-de","12":"sws-conto-ricavi-merci-rivendita-abbigliamento-de","13":"sws-gruppo-iva-iva81-de","15":"first","16":"instock","17":"shipping-taxable","18":"purchasable","19":"product-type-variable"},"_links":{"self":[{"href":"https:\/\/lucacastelli.com\/de\/wp-json\/wp\/v2\/product\/510901","targetHints":{"allow":["GET"]}}],"collection":[{"href":"https:\/\/lucacastelli.com\/de\/wp-json\/wp\/v2\/product"}],"about":[{"href":"https:\/\/lucacastelli.com\/de\/wp-json\/wp\/v2\/types\/product"}],"wp:featuredmedia":[{"embeddable":true,"href":"https:\/\/lucacastelli.com\/de\/wp-json\/wp\/v2\/media\/510929"}],"wp:attachment":[{"href":"https:\/\/lucacastelli.com\/de\/wp-json\/wp\/v2\/media?parent=510901"}],"wp:term":[{"taxonomy":"product_brand","embeddable":true,"href":"https:\/\/lucacastelli.com\/de\/wp-json\/wp\/v2\/product_brand?post=510901"},{"taxonomy":"product_cat","embeddable":true,"href":"https:\/\/lucacastelli.com\/de\/wp-json\/wp\/v2\/product_cat?post=510901"},{"taxonomy":"product_tag","embeddable":true,"href":"https:\/\/lucacastelli.com\/de\/wp-json\/wp\/v2\/product_tag?post=510901"}],"curies":[{"name":"wp","href":"https:\/\/api.w.org\/{rel}","templated":true}]}}