{"id":510081,"date":"2025-07-18T16:22:22","date_gmt":"2025-07-18T14:22:22","guid":{"rendered":"https:\/\/lucacastelli.com\/prodotto\/milwaukee-sds-plus-mx4-4-schneider-bohrer\/"},"modified":"2025-07-18T16:22:22","modified_gmt":"2025-07-18T14:22:22","slug":"milwaukee-sds-plus-mx4-4-schneider-bohrer","status":"publish","type":"product","link":"https:\/\/lucacastelli.com\/de\/produkt\/milwaukee-sds-plus-mx4-4-schneider-bohrer\/","title":{"rendered":"Milwaukee SDS-Plus MX4 4-Schneider Bohrer"},"content":{"rendered":"<p>Einzigartiger 4-Schneiden-Hartmetallblock (4&#215;90\u00b0). F\u00fcr perfekt runde L\u00f6cher und optimale Verankerung;4-Nuten-Geometrie, sorgt f\u00fcr maximale Absaugung von Staub und Schutt;Zentrierspitze f\u00fcr einfache Zentrierung und maximale Lochpr\u00e4zision;Mehr Hartmetall f\u00fchrt zu l\u00e4ngerer Lebensdauer;4 Brechz\u00e4hne erzeugen Mikrobr\u00fcche im Beton, die die Geschwindigkeit erh\u00f6hen. Sie pulverisieren das Material effizienter. 20% schneller als die Konkurrenz;Seitliche Abschr\u00e4gung der Schneide f\u00fcr h\u00f6here Festigkeit in Stahlbeton. Diese Bohrer halten 4-mal l\u00e4nger als 2-Schneiden-Bohrer;Neues Schulterdesign, das sich zur Schneide hin verj\u00fcngt, um die Staubabsaugung zu verbessern, die Geschwindigkeit zu erh\u00f6hen und die Reibung zu minimieren. Bis zu 20 % mehr L\u00f6cher pro Ladung im Vergleich zum Wettbewerb;Made in Germany     <\/p>\n","protected":false},"excerpt":{"rendered":"<p>Einzigartiger 4-Schneiden-Hartmetallblock (4&#215;90\u00b0). F\u00fcr perfekt runde L\u00f6cher und optimale Verankerung;4-Nuten-Geometrie, sorgt f\u00fcr maximale Absaugung von Staub und Schutt;Zentrierspitze f\u00fcr einfache<\/p>\n","protected":false},"featured_media":499323,"template":"","meta":{"_seopress_robots_primary_cat":"","_seopress_titles_title":"","_seopress_titles_desc":"","_seopress_robots_index":""},"product_brand":[3407],"product_cat":[29,549,550],"product_tag":[3270],"class_list":{"0":"post-510081","1":"product","2":"type-product","3":"status-publish","4":"has-post-thumbnail","6":"product_brand-milwaukee","7":"product_cat-macchinari","8":"product_cat-trapani-e-avvitatori","9":"product_cat-accessori-per-trapani-ed-avvitatori","10":"product_tag-import-milwau","11":"sws-gruppo-macchinari-de","12":"sws-conto-ricavi-merci-rivendita-macchinari-de","13":"sws-gruppo-iva-iva81-de","15":"first","16":"onbackorder","17":"sale","18":"shipping-taxable","19":"purchasable","20":"product-type-simple"},"_links":{"self":[{"href":"https:\/\/lucacastelli.com\/de\/wp-json\/wp\/v2\/product\/510081","targetHints":{"allow":["GET"]}}],"collection":[{"href":"https:\/\/lucacastelli.com\/de\/wp-json\/wp\/v2\/product"}],"about":[{"href":"https:\/\/lucacastelli.com\/de\/wp-json\/wp\/v2\/types\/product"}],"wp:featuredmedia":[{"embeddable":true,"href":"https:\/\/lucacastelli.com\/de\/wp-json\/wp\/v2\/media\/499323"}],"wp:attachment":[{"href":"https:\/\/lucacastelli.com\/de\/wp-json\/wp\/v2\/media?parent=510081"}],"wp:term":[{"taxonomy":"product_brand","embeddable":true,"href":"https:\/\/lucacastelli.com\/de\/wp-json\/wp\/v2\/product_brand?post=510081"},{"taxonomy":"product_cat","embeddable":true,"href":"https:\/\/lucacastelli.com\/de\/wp-json\/wp\/v2\/product_cat?post=510081"},{"taxonomy":"product_tag","embeddable":true,"href":"https:\/\/lucacastelli.com\/de\/wp-json\/wp\/v2\/product_tag?post=510081"}],"curies":[{"name":"wp","href":"https:\/\/api.w.org\/{rel}","templated":true}]}}