{"id":510075,"date":"2025-07-18T16:22:49","date_gmt":"2025-07-18T14:22:49","guid":{"rendered":"https:\/\/lucacastelli.com\/prodotto\/milwaukee-geschliffene-kurze-metallbohrer-hss-g-din-1897-packung-mit-5-und-10-stueck\/"},"modified":"2025-07-18T16:22:49","modified_gmt":"2025-07-18T14:22:49","slug":"milwaukee-geschliffene-kurze-metallbohrer-hss-g-din-1897-packung-mit-5-und-10-stueck","status":"publish","type":"product","link":"https:\/\/lucacastelli.com\/de\/produkt\/milwaukee-geschliffene-kurze-metallbohrer-hss-g-din-1897-packung-mit-5-und-10-stueck\/","title":{"rendered":"Milwaukee Geschliffene kurze Metallbohrer HSS-G &#8211; DIN 1897 &#8211; Packung mit 5 und 10 St\u00fcck"},"content":{"rendered":"<p>Geschliffene HSS-Bohrer nach DIN 1897;Schneidengeometrie: geteilt (selbstzentrierend) geschliffen DIN 1412 C;Scharfe Schneiden f\u00fcr h\u00f6chste Lochpr\u00e4zision;Schneiden mit 135\u00b0 Schneidwinkel;Anwendung: geeignet f\u00fcr tiefe L\u00f6cher. Auch in Materialien wie Holz und Kunststoffen einsetzbar;Geeignet zum Bohren in Stahl, Gusseisen, legiertem und unlegiertem Material, rostfreiem Stahl und Zugfestigkeit bis 900 N\/mm38 <\/p>\n","protected":false},"excerpt":{"rendered":"<p>Geschliffene HSS-Bohrer nach DIN 1897;Schneidengeometrie: geteilt (selbstzentrierend) geschliffen DIN 1412 C;Scharfe Schneiden f\u00fcr h\u00f6chste Lochpr\u00e4zision;Schneiden mit 135\u00b0 Schneidwinkel;Anwendung: geeignet f\u00fcr<\/p>\n","protected":false},"featured_media":491800,"template":"","meta":{"_seopress_robots_primary_cat":"","_seopress_titles_title":"","_seopress_titles_desc":"","_seopress_robots_index":""},"product_brand":[3407],"product_cat":[29,549,550],"product_tag":[3270],"class_list":{"0":"post-510075","1":"product","2":"type-product","3":"status-publish","4":"has-post-thumbnail","6":"product_brand-milwaukee","7":"product_cat-macchinari","8":"product_cat-trapani-e-avvitatori","9":"product_cat-accessori-per-trapani-ed-avvitatori","10":"product_tag-import-milwau","11":"sws-gruppo-macchinari-de","12":"sws-conto-ricavi-merci-rivendita-macchinari-de","13":"sws-gruppo-iva-iva81-de","15":"first","16":"onbackorder","17":"sale","18":"shipping-taxable","19":"purchasable","20":"product-type-simple"},"_links":{"self":[{"href":"https:\/\/lucacastelli.com\/de\/wp-json\/wp\/v2\/product\/510075","targetHints":{"allow":["GET"]}}],"collection":[{"href":"https:\/\/lucacastelli.com\/de\/wp-json\/wp\/v2\/product"}],"about":[{"href":"https:\/\/lucacastelli.com\/de\/wp-json\/wp\/v2\/types\/product"}],"wp:featuredmedia":[{"embeddable":true,"href":"https:\/\/lucacastelli.com\/de\/wp-json\/wp\/v2\/media\/491800"}],"wp:attachment":[{"href":"https:\/\/lucacastelli.com\/de\/wp-json\/wp\/v2\/media?parent=510075"}],"wp:term":[{"taxonomy":"product_brand","embeddable":true,"href":"https:\/\/lucacastelli.com\/de\/wp-json\/wp\/v2\/product_brand?post=510075"},{"taxonomy":"product_cat","embeddable":true,"href":"https:\/\/lucacastelli.com\/de\/wp-json\/wp\/v2\/product_cat?post=510075"},{"taxonomy":"product_tag","embeddable":true,"href":"https:\/\/lucacastelli.com\/de\/wp-json\/wp\/v2\/product_tag?post=510075"}],"curies":[{"name":"wp","href":"https:\/\/api.w.org\/{rel}","templated":true}]}}