{"id":509969,"date":"2025-07-18T16:23:43","date_gmt":"2025-07-18T14:23:43","guid":{"rendered":"https:\/\/lucacastelli.com\/prodotto\/milwaukee-tct-kernbohrer-sds-max-system-6\/"},"modified":"2025-07-18T16:23:43","modified_gmt":"2025-07-18T14:23:43","slug":"milwaukee-tct-kernbohrer-sds-max-system-6","status":"publish","type":"product","link":"https:\/\/lucacastelli.com\/de\/produkt\/milwaukee-tct-kernbohrer-sds-max-system-6\/","title":{"rendered":"Milwaukee TCT-Kernbohrer &#8211; SDS-Max-System"},"content":{"rendered":"<p>\u00c4u\u00dferst flexibles System, das verschiedene Kombinationen von L\u00e4ngen und Durchmessern erm\u00f6glicht. F\u00fcr Kronen- und Tunnelbohrer. Es werden maximal 3 Verl\u00e4ngerungen empfohlen;Kosteneffizient. Mehr Vielseitigkeit bedeutet weniger Bohrer = weniger Gewicht in der Tasche des Benutzers;Kann auf H\u00e4mmern bis zu 8 kg verwendet werden;Tunnelbohrer (mit Gewindebolzen geliefert);Nicht f\u00fcr den Einsatz in Stahlbeton   <\/p>\n","protected":false},"excerpt":{"rendered":"<p>\u00c4u\u00dferst flexibles System, das verschiedene Kombinationen von L\u00e4ngen und Durchmessern erm\u00f6glicht. F\u00fcr Kronen- und Tunnelbohrer. Es werden maximal 3 Verl\u00e4ngerungen<\/p>\n","protected":false},"featured_media":491148,"template":"","meta":{"_seopress_robots_primary_cat":"","_seopress_titles_title":"","_seopress_titles_desc":"","_seopress_robots_index":""},"product_brand":[3407],"product_cat":[29,549,550],"product_tag":[3270],"class_list":{"0":"post-509969","1":"product","2":"type-product","3":"status-publish","4":"has-post-thumbnail","6":"product_brand-milwaukee","7":"product_cat-macchinari","8":"product_cat-trapani-e-avvitatori","9":"product_cat-accessori-per-trapani-ed-avvitatori","10":"product_tag-import-milwau","11":"sws-gruppo-macchinari-de","12":"sws-conto-ricavi-merci-rivendita-macchinari-de","13":"sws-gruppo-iva-iva81-de","15":"first","16":"onbackorder","17":"sale","18":"shipping-taxable","19":"purchasable","20":"product-type-simple"},"_links":{"self":[{"href":"https:\/\/lucacastelli.com\/de\/wp-json\/wp\/v2\/product\/509969","targetHints":{"allow":["GET"]}}],"collection":[{"href":"https:\/\/lucacastelli.com\/de\/wp-json\/wp\/v2\/product"}],"about":[{"href":"https:\/\/lucacastelli.com\/de\/wp-json\/wp\/v2\/types\/product"}],"wp:featuredmedia":[{"embeddable":true,"href":"https:\/\/lucacastelli.com\/de\/wp-json\/wp\/v2\/media\/491148"}],"wp:attachment":[{"href":"https:\/\/lucacastelli.com\/de\/wp-json\/wp\/v2\/media?parent=509969"}],"wp:term":[{"taxonomy":"product_brand","embeddable":true,"href":"https:\/\/lucacastelli.com\/de\/wp-json\/wp\/v2\/product_brand?post=509969"},{"taxonomy":"product_cat","embeddable":true,"href":"https:\/\/lucacastelli.com\/de\/wp-json\/wp\/v2\/product_cat?post=509969"},{"taxonomy":"product_tag","embeddable":true,"href":"https:\/\/lucacastelli.com\/de\/wp-json\/wp\/v2\/product_tag?post=509969"}],"curies":[{"name":"wp","href":"https:\/\/api.w.org\/{rel}","templated":true}]}}