{"id":509963,"date":"2025-07-18T16:23:42","date_gmt":"2025-07-18T14:23:42","guid":{"rendered":"https:\/\/lucacastelli.com\/prodotto\/milwaukee-hss-fraeser-67\/"},"modified":"2025-07-18T16:23:42","modified_gmt":"2025-07-18T14:23:42","slug":"milwaukee-hss-fraeser-67","status":"publish","type":"product","link":"https:\/\/lucacastelli.com\/de\/produkt\/milwaukee-hss-fraeser-67\/","title":{"rendered":"Milwaukee HSS-Fr\u00e4ser"},"content":{"rendered":"<p>100% schneller Durch mehr Schneiden ist das Bohren mit den Fr\u00e4sern deutlich schneller;L\u00e4ngere Lebensdauer. Der Fr\u00e4ser erf\u00e4hrt beim Bohren weniger Reibung als ein klassischer Metallbohrer. Dies, zusammen mit der 6 mm Dicke, minimiert das Risiko eines Bruchs des Fr\u00e4sers selbst;HSS-Fr\u00e4ser mit dickeren W\u00e4nden f\u00fcr l\u00e4ngere Lebensdauer und Haltbarkeit;19 mm HSS-Metallfr\u00e4ser mit Weldon-Schaft  <\/p>\n","protected":false},"excerpt":{"rendered":"<p>100% schneller Durch mehr Schneiden ist das Bohren mit den Fr\u00e4sern deutlich schneller;L\u00e4ngere Lebensdauer. Der Fr\u00e4ser erf\u00e4hrt beim Bohren weniger<\/p>\n","protected":false},"featured_media":486380,"template":"","meta":{"_seopress_robots_primary_cat":"","_seopress_titles_title":"","_seopress_titles_desc":"","_seopress_robots_index":""},"product_brand":[3407],"product_cat":[29,549,550],"product_tag":[3270],"class_list":{"0":"post-509963","1":"product","2":"type-product","3":"status-publish","4":"has-post-thumbnail","6":"product_brand-milwaukee","7":"product_cat-macchinari","8":"product_cat-trapani-e-avvitatori","9":"product_cat-accessori-per-trapani-ed-avvitatori","10":"product_tag-import-milwau","11":"sws-gruppo-macchinari-de","12":"sws-conto-ricavi-merci-rivendita-macchinari-de","13":"sws-gruppo-iva-iva81-de","15":"first","16":"onbackorder","17":"sale","18":"shipping-taxable","19":"purchasable","20":"product-type-simple"},"_links":{"self":[{"href":"https:\/\/lucacastelli.com\/de\/wp-json\/wp\/v2\/product\/509963","targetHints":{"allow":["GET"]}}],"collection":[{"href":"https:\/\/lucacastelli.com\/de\/wp-json\/wp\/v2\/product"}],"about":[{"href":"https:\/\/lucacastelli.com\/de\/wp-json\/wp\/v2\/types\/product"}],"wp:featuredmedia":[{"embeddable":true,"href":"https:\/\/lucacastelli.com\/de\/wp-json\/wp\/v2\/media\/486380"}],"wp:attachment":[{"href":"https:\/\/lucacastelli.com\/de\/wp-json\/wp\/v2\/media?parent=509963"}],"wp:term":[{"taxonomy":"product_brand","embeddable":true,"href":"https:\/\/lucacastelli.com\/de\/wp-json\/wp\/v2\/product_brand?post=509963"},{"taxonomy":"product_cat","embeddable":true,"href":"https:\/\/lucacastelli.com\/de\/wp-json\/wp\/v2\/product_cat?post=509963"},{"taxonomy":"product_tag","embeddable":true,"href":"https:\/\/lucacastelli.com\/de\/wp-json\/wp\/v2\/product_tag?post=509963"}],"curies":[{"name":"wp","href":"https:\/\/api.w.org\/{rel}","templated":true}]}}