{"id":509884,"date":"2025-07-18T16:24:37","date_gmt":"2025-07-18T14:24:37","guid":{"rendered":"https:\/\/lucacastelli.com\/prodotto\/milwaukee-sds-plus-m2-2-schneider-bohrer-9\/"},"modified":"2025-07-18T16:24:37","modified_gmt":"2025-07-18T14:24:37","slug":"milwaukee-sds-plus-m2-2-schneider-bohrer-9","status":"publish","type":"product","link":"https:\/\/lucacastelli.com\/de\/produkt\/milwaukee-sds-plus-m2-2-schneider-bohrer-9\/","title":{"rendered":"Milwaukee SDS-Plus M2 2-Schneider Bohrer"},"content":{"rendered":"<p>Abbruchz\u00e4hne: 3 sehr aggressive Abbruchz\u00e4hne. Diese erzeugen einen ZolldemolitionZoll-Effekt, der Mikrobr\u00fcche im Material erzeugt und das Bohren extrem schnell macht. BIS ZU 25% Schneller; Zentrierspitze sorgt f\u00fcr schnelle Bohrzeiten und h\u00f6chste Pr\u00e4zision. Verhindert auch das Abrutschen auf glatten Oberfl\u00e4chen;Anfasen der Schneide. Verhindert die Besch\u00e4digung und das Verklemmen des Bohrers an Armierungseisen oder anderen harten Materialien. Reduziert die Reibung beim Bohren und sorgt so f\u00fcr eine h\u00f6here Geschwindigkeit;Rillendesign. Die Schulter der Nut verj\u00fcngt sich zur Schneide hin, was den Bohrer beim Bohren extrem schnell macht, weil es die Reibung mit dem Material verringert. Dies erm\u00f6glicht eine geringere Energieabsorption und damit einen gr\u00f6\u00dferen Arbeitsbereich und folglich mehr L\u00f6cher pro Ladung. Dies macht sie ideal f\u00fcr Akkubohrer; Verst\u00e4rkte Nut. Optimierte tiefe Nut f\u00fcr eine bessere Staubabsaugung. Verst\u00e4rkte Nut erm\u00f6glicht: volle Energie\u00fcbertragung auf den Bohrer, weniger Vibrationen, au\u00dfergew\u00f6hnliche Bruchsicherheit und maximale Lebensdauer;Made in Germany;Maximale Bohrgeschwindigkeit: die spezielle Form des Kopfes erm\u00f6glicht schnelles Bohren und hervorragenden Materialabtrag;Maximale Lebensdauer: die Haltbarkeit des Bohrers wird durch die Hartmetallschneiden mit optimiertem Design und extrem starker Verschwei\u00dfung gew\u00e4hrleistet          <\/p>\n","protected":false},"excerpt":{"rendered":"<p>Abbruchz\u00e4hne: 3 sehr aggressive Abbruchz\u00e4hne. Diese erzeugen einen ZolldemolitionZoll-Effekt, der Mikrobr\u00fcche im Material erzeugt und das Bohren extrem schnell macht.<\/p>\n","protected":false},"featured_media":491271,"template":"","meta":{"_seopress_robots_primary_cat":"","_seopress_titles_title":"","_seopress_titles_desc":"","_seopress_robots_index":""},"product_brand":[3407],"product_cat":[29,549,550],"product_tag":[3270],"class_list":{"0":"post-509884","1":"product","2":"type-product","3":"status-publish","4":"has-post-thumbnail","6":"product_brand-milwaukee","7":"product_cat-macchinari","8":"product_cat-trapani-e-avvitatori","9":"product_cat-accessori-per-trapani-ed-avvitatori","10":"product_tag-import-milwau","11":"sws-gruppo-macchinari-de","12":"sws-conto-ricavi-merci-rivendita-macchinari-de","13":"sws-gruppo-iva-iva81-de","15":"first","16":"onbackorder","17":"sale","18":"shipping-taxable","19":"purchasable","20":"product-type-simple"},"_links":{"self":[{"href":"https:\/\/lucacastelli.com\/de\/wp-json\/wp\/v2\/product\/509884","targetHints":{"allow":["GET"]}}],"collection":[{"href":"https:\/\/lucacastelli.com\/de\/wp-json\/wp\/v2\/product"}],"about":[{"href":"https:\/\/lucacastelli.com\/de\/wp-json\/wp\/v2\/types\/product"}],"wp:featuredmedia":[{"embeddable":true,"href":"https:\/\/lucacastelli.com\/de\/wp-json\/wp\/v2\/media\/491271"}],"wp:attachment":[{"href":"https:\/\/lucacastelli.com\/de\/wp-json\/wp\/v2\/media?parent=509884"}],"wp:term":[{"taxonomy":"product_brand","embeddable":true,"href":"https:\/\/lucacastelli.com\/de\/wp-json\/wp\/v2\/product_brand?post=509884"},{"taxonomy":"product_cat","embeddable":true,"href":"https:\/\/lucacastelli.com\/de\/wp-json\/wp\/v2\/product_cat?post=509884"},{"taxonomy":"product_tag","embeddable":true,"href":"https:\/\/lucacastelli.com\/de\/wp-json\/wp\/v2\/product_tag?post=509884"}],"curies":[{"name":"wp","href":"https:\/\/api.w.org\/{rel}","templated":true}]}}