{"id":509848,"date":"2025-07-18T16:32:00","date_gmt":"2025-07-18T14:32:00","guid":{"rendered":"https:\/\/lucacastelli.com\/prodotto\/milwaukee-sds-max-bohrer-28-x-570-mm\/"},"modified":"2025-07-18T16:32:00","modified_gmt":"2025-07-18T14:32:00","slug":"milwaukee-sds-max-bohrer-28-x-570-mm","status":"publish","type":"product","link":"https:\/\/lucacastelli.com\/de\/produkt\/milwaukee-sds-max-bohrer-28-x-570-mm\/","title":{"rendered":"Milwaukee SDS MAX Bohrer &#8211; 28 x 570 mm"},"content":{"rendered":"<p>Gro\u00dfe Schneidkante mit abgerundeten Ecken. Sorgt f\u00fcr weniger Vibrationen und optimale Bohrleistung bei Stahlbetonanwendungen. L\u00e4ngere Lebensdauer des Bohrers;4 x 90\u00b0 Kopfgeometrie. Erm\u00f6glicht pr\u00e4zise L\u00f6cher und eine hervorragende Bohrleistung, auch bei vorhandener Bewehrung;130\u00b0-Hauptschneide.Der 130\u00b0-Schneidenwinkel erm\u00f6glicht eine optimale Leistung bei Anwendungen bei vorhandener Bewehrung und eine hervorragende Lochpr\u00e4zision;Sekund\u00e4rschneide. Robust, um die Hauptschneide beim Bohren zu unterst\u00fctzen, f\u00fcr schnelleres Bohren;Kurze Spannut f\u00fcr bessere Staubabsaugung und h\u00f6here Bohrgeschwindigkeit, weniger Verschlei\u00df und geringere W\u00e4rmeentwicklung;Spannut auf der Seite der Hauptschneide, erm\u00f6glicht die Kontrolle des Bohrerverschlei\u00dfes. Milwaukee garantiert f\u00fcr seinen Bohrer bis zu 75 m;Verst\u00e4rkter Bohrerteil. Dies erm\u00f6glicht weniger Vibrationen, weniger Br\u00fcche und eine bessere \u00dcbertragung der Werkzeugleistung auf den Bohrer;Tiefe Rillenschulter. Dies erm\u00f6glicht eine bessere und schnellere Staubabsaugung sowie eine geringere W\u00e4rmeentwicklung am Bohrkopf und damit einen geringeren Verschlei\u00df;Weniger Vibrationen. Komfortables Bohren mit weniger Belastung f\u00fcr den Anwender und das Werkzeug;Spezielle Oberfl\u00e4chenbehandlung. F\u00fcr einen gleichm\u00e4\u00dfigeren Staubfluss auf der Oberfl\u00e4che des Bohrkopfes und weniger Reibung;PGM-Markierung. Garantiert pr\u00e4zise und genaue L\u00f6cher und maximalen Halt des D\u00fcbels<\/p>\n","protected":false},"excerpt":{"rendered":"<p>Gro\u00dfe Schneidkante mit abgerundeten Ecken. Sorgt f\u00fcr weniger Vibrationen und optimale Bohrleistung bei Stahlbetonanwendungen. L\u00e4ngere Lebensdauer des Bohrers;4 x 90\u00b0<\/p>\n","protected":false},"featured_media":492813,"template":"","meta":{"_seopress_robots_primary_cat":"","_seopress_titles_title":"","_seopress_titles_desc":"","_seopress_robots_index":""},"product_brand":[3407],"product_cat":[29,549,550],"product_tag":[3270],"class_list":{"0":"post-509848","1":"product","2":"type-product","3":"status-publish","4":"has-post-thumbnail","6":"product_brand-milwaukee","7":"product_cat-macchinari","8":"product_cat-trapani-e-avvitatori","9":"product_cat-accessori-per-trapani-ed-avvitatori","10":"product_tag-import-milwau","11":"sws-gruppo-macchinari-de","12":"sws-conto-ricavi-merci-rivendita-macchinari-de","13":"sws-gruppo-iva-iva81-de","15":"first","16":"onbackorder","17":"sale","18":"shipping-taxable","19":"purchasable","20":"product-type-simple"},"_links":{"self":[{"href":"https:\/\/lucacastelli.com\/de\/wp-json\/wp\/v2\/product\/509848","targetHints":{"allow":["GET"]}}],"collection":[{"href":"https:\/\/lucacastelli.com\/de\/wp-json\/wp\/v2\/product"}],"about":[{"href":"https:\/\/lucacastelli.com\/de\/wp-json\/wp\/v2\/types\/product"}],"wp:featuredmedia":[{"embeddable":true,"href":"https:\/\/lucacastelli.com\/de\/wp-json\/wp\/v2\/media\/492813"}],"wp:attachment":[{"href":"https:\/\/lucacastelli.com\/de\/wp-json\/wp\/v2\/media?parent=509848"}],"wp:term":[{"taxonomy":"product_brand","embeddable":true,"href":"https:\/\/lucacastelli.com\/de\/wp-json\/wp\/v2\/product_brand?post=509848"},{"taxonomy":"product_cat","embeddable":true,"href":"https:\/\/lucacastelli.com\/de\/wp-json\/wp\/v2\/product_cat?post=509848"},{"taxonomy":"product_tag","embeddable":true,"href":"https:\/\/lucacastelli.com\/de\/wp-json\/wp\/v2\/product_tag?post=509848"}],"curies":[{"name":"wp","href":"https:\/\/api.w.org\/{rel}","templated":true}]}}