{"id":509746,"date":"2025-07-24T07:41:34","date_gmt":"2025-07-24T05:41:34","guid":{"rendered":"https:\/\/lucacastelli.com\/?post_type=product&#038;p=509746"},"modified":"2025-09-04T00:05:59","modified_gmt":"2025-09-03T22:05:59","slug":"pfanner-ventilation-konigsblaue-schutzhose-copia-copia-copia-copia","status":"publish","type":"product","link":"https:\/\/lucacastelli.com\/de\/produkt\/pfanner-ventilation-konigsblaue-schutzhose-copia-copia-copia-copia\/","title":{"rendered":"Pfanner Globe Outdoorhose grau"},"content":{"rendered":"<p>Die Globe Outdoor-Hose ist in jeder Hinsicht perfekt f\u00fcr anspruchsvollste Outdoor-Aktivit\u00e4ten. Maximale Bewegungsfreiheit, wasser- und schmutzabweisendes Material, und das alles bei extrem geringem Gewicht. Das Material ist sehr atmungsaktiv und strapazierf\u00e4hig. Kevlar-Verst\u00e4rkungen an den Knien und Beininnenseiten erh\u00f6hen die Haltbarkeit und bieten zus\u00e4tzlichen Schutz beim Klettern. Die abnehmbaren Gamaschen sch\u00fctzen vor Zecken, Schmutz und Schnee. Dank dieser Gamaschen verzichten wir komplett auf eine hautsch\u00e4digende Impr\u00e4gnierung und sch\u00fctzen trotzdem vor Ungeziefer.<br \/>\n-StretchAIR\u00ae-Technologie<br \/>\n-abnehmbare Gamaschen<br \/>\n-Kevlar-Verst\u00e4rkungen an den Knien und Beininnenseiten<br \/>\n-abweisend und schmutzabweisend<br \/>\n-schnell trocknend<br \/>\n-Reflexionsstreifen     <\/p>\n<p>Material: 92% Polyamid, 8% Elasthan<\/p>\n<p>&nbsp;<\/p>\n<p>&nbsp;<\/p>\n","protected":false},"excerpt":{"rendered":"<p>Die Globe Outdoor-Hose ist in jeder Hinsicht perfekt f\u00fcr anspruchsvollste Outdoor-Aktivit\u00e4ten. Maximale Bewegungsfreiheit, wasser- und schmutzabweisendes Material, und das alles<\/p>\n","protected":false},"featured_media":509774,"template":"","meta":{"_seopress_robots_primary_cat":"none","_seopress_titles_title":"","_seopress_titles_desc":"","_seopress_robots_index":""},"product_brand":[3670],"product_cat":[1382,974,975,82],"product_tag":[],"class_list":{"0":"post-509746","1":"product","2":"type-product","3":"status-publish","4":"has-post-thumbnail","6":"product_brand-pfanner-de","7":"product_cat-arbeitskleidung","8":"product_cat-freizeitkleidung","9":"product_cat-herrenbekleidung","10":"product_cat-kleidung","11":"sws-gruppo-no-gruppo","12":"sws-conto-ricavi-merci-rivendita-abbigliamento","13":"sws-gruppo-iva-iva81","15":"first","16":"instock","17":"shipping-taxable","18":"purchasable","19":"product-type-variable","20":"has-default-attributes"},"_links":{"self":[{"href":"https:\/\/lucacastelli.com\/de\/wp-json\/wp\/v2\/product\/509746","targetHints":{"allow":["GET"]}}],"collection":[{"href":"https:\/\/lucacastelli.com\/de\/wp-json\/wp\/v2\/product"}],"about":[{"href":"https:\/\/lucacastelli.com\/de\/wp-json\/wp\/v2\/types\/product"}],"wp:featuredmedia":[{"embeddable":true,"href":"https:\/\/lucacastelli.com\/de\/wp-json\/wp\/v2\/media\/509774"}],"wp:attachment":[{"href":"https:\/\/lucacastelli.com\/de\/wp-json\/wp\/v2\/media?parent=509746"}],"wp:term":[{"taxonomy":"product_brand","embeddable":true,"href":"https:\/\/lucacastelli.com\/de\/wp-json\/wp\/v2\/product_brand?post=509746"},{"taxonomy":"product_cat","embeddable":true,"href":"https:\/\/lucacastelli.com\/de\/wp-json\/wp\/v2\/product_cat?post=509746"},{"taxonomy":"product_tag","embeddable":true,"href":"https:\/\/lucacastelli.com\/de\/wp-json\/wp\/v2\/product_tag?post=509746"}],"curies":[{"name":"wp","href":"https:\/\/api.w.org\/{rel}","templated":true}]}}