{"id":509730,"date":"2025-07-18T16:24:38","date_gmt":"2025-07-18T14:24:38","guid":{"rendered":"https:\/\/lucacastelli.com\/prodotto\/milwaukee-tct-sds-plus-bohrkronen-2\/"},"modified":"2025-07-18T16:24:38","modified_gmt":"2025-07-18T14:24:38","slug":"milwaukee-tct-sds-plus-bohrkronen-2","status":"publish","type":"product","link":"https:\/\/lucacastelli.com\/de\/produkt\/milwaukee-tct-sds-plus-bohrkronen-2\/","title":{"rendered":"Milwaukee TCT SDS-Plus Bohrkronen"},"content":{"rendered":"<p>F\u00fcr Bohrh\u00e4mmer bis 4 kg;Alle Bohrh\u00e4mmer haben einen M 16-Schaft und k\u00f6nnen entweder mit FIXTEC SDS-plus oder FIXTEC Hex 11 mm-Schaft verwendet werden;Schaft und Vorbohrer werden ben\u00f6tigt;Made in Germany;Nicht f\u00fcr den Einsatz in Stahlbeton geeignet<\/p>\n","protected":false},"excerpt":{"rendered":"<p>F\u00fcr Bohrh\u00e4mmer bis 4 kg;Alle Bohrh\u00e4mmer haben einen M 16-Schaft und k\u00f6nnen entweder mit FIXTEC SDS-plus oder FIXTEC Hex 11<\/p>\n","protected":false},"featured_media":491311,"template":"","meta":{"_seopress_robots_primary_cat":"","_seopress_titles_title":"","_seopress_titles_desc":"","_seopress_robots_index":""},"product_brand":[3407],"product_cat":[29,549,550],"product_tag":[3270],"class_list":{"0":"post-509730","1":"product","2":"type-product","3":"status-publish","4":"has-post-thumbnail","6":"product_brand-milwaukee","7":"product_cat-macchinari","8":"product_cat-trapani-e-avvitatori","9":"product_cat-accessori-per-trapani-ed-avvitatori","10":"product_tag-import-milwau","11":"sws-gruppo-macchinari-de","12":"sws-conto-ricavi-merci-rivendita-macchinari-de","13":"sws-gruppo-iva-iva81-de","15":"first","16":"onbackorder","17":"sale","18":"shipping-taxable","19":"purchasable","20":"product-type-simple"},"_links":{"self":[{"href":"https:\/\/lucacastelli.com\/de\/wp-json\/wp\/v2\/product\/509730","targetHints":{"allow":["GET"]}}],"collection":[{"href":"https:\/\/lucacastelli.com\/de\/wp-json\/wp\/v2\/product"}],"about":[{"href":"https:\/\/lucacastelli.com\/de\/wp-json\/wp\/v2\/types\/product"}],"wp:featuredmedia":[{"embeddable":true,"href":"https:\/\/lucacastelli.com\/de\/wp-json\/wp\/v2\/media\/491311"}],"wp:attachment":[{"href":"https:\/\/lucacastelli.com\/de\/wp-json\/wp\/v2\/media?parent=509730"}],"wp:term":[{"taxonomy":"product_brand","embeddable":true,"href":"https:\/\/lucacastelli.com\/de\/wp-json\/wp\/v2\/product_brand?post=509730"},{"taxonomy":"product_cat","embeddable":true,"href":"https:\/\/lucacastelli.com\/de\/wp-json\/wp\/v2\/product_cat?post=509730"},{"taxonomy":"product_tag","embeddable":true,"href":"https:\/\/lucacastelli.com\/de\/wp-json\/wp\/v2\/product_tag?post=509730"}],"curies":[{"name":"wp","href":"https:\/\/api.w.org\/{rel}","templated":true}]}}