{"id":509567,"date":"2025-07-24T07:27:01","date_gmt":"2025-07-24T05:27:01","guid":{"rendered":"https:\/\/lucacastelli.com\/?post_type=product&#038;p=509567"},"modified":"2026-04-16T01:20:25","modified_gmt":"2026-04-15T23:20:25","slug":"pfanner-ventilation-konigsblaue-schutzhose-copia-copia-copia","status":"publish","type":"product","link":"https:\/\/lucacastelli.com\/de\/produkt\/pfanner-ventilation-konigsblaue-schutzhose-copia-copia-copia\/","title":{"rendered":"PFANNER Globe Outdoorhose rot"},"content":{"rendered":"<p>Die Globe Outdoorhose ist in jeder Hinsicht perfekt f\u00fcr anspruchsvolle Outdoor-Aktivit\u00e4ten. Maximale Bewegungsfreiheit sowie wasser- und schmutzabweisendes Gewebe bei extrem geringem Gewicht. Das Gewebe ist sehr atmungsaktiv und robust. Die Kevlar-Verst\u00e4rkung an den Knien und Beininnenseiten erh\u00f6ht die Lebensdauer und bietet zus\u00e4tzlichen Schutz beim Klettern. Die abnehmbaren Gamaschen sch\u00fctzen vor Zecken, Schmutz und Schnee. Dank dieser Gamaschen verzichten wir vollst\u00e4ndig auf hautsch\u00e4dliche Impr\u00e4gnierungen und sch\u00fctzen dennoch vor Parasiten.<br \/>\n-StretchAIR\u00ae-Technologie<br \/>\n-Abnehmbare Gamaschen<br \/>\n-Kevlar-Verst\u00e4rkungen an Knien und Beininnenseiten<br \/>\n-Wasser- und schmutzabweisend<br \/>\n-Schnelltrocknend<br \/>\n-Reflexstreifen     <\/p>\n<p>Material: 92 % Polyamid, 8 % Elasthan<\/p>\n<p>&nbsp;<\/p>\n<p>&nbsp;<\/p>\n","protected":false},"excerpt":{"rendered":"<p>Die Globe Outdoorhose ist in jeder Hinsicht perfekt f\u00fcr anspruchsvolle Outdoor-Aktivit\u00e4ten. Maximale Bewegungsfreiheit sowie wasser- und schmutzabweisendes Gewebe bei extrem<\/p>\n","protected":false},"featured_media":509604,"template":"","meta":{"_seopress_robots_primary_cat":"none","_seopress_titles_title":"","_seopress_titles_desc":"","_seopress_robots_index":""},"product_brand":[3670],"product_cat":[82,1382,974,975],"product_tag":[],"class_list":{"0":"post-509567","1":"product","2":"type-product","3":"status-publish","4":"has-post-thumbnail","6":"product_brand-pfanner-de","7":"product_cat-kleidung","8":"product_cat-arbeitskleidung","9":"product_cat-freizeitkleidung","10":"product_cat-herrenbekleidung","11":"sws-gruppo-no-gruppo-de","12":"sws-conto-ricavi-merci-rivendita-abbigliamento-de","13":"sws-gruppo-iva-iva81-de","15":"first","16":"instock","17":"shipping-taxable","18":"purchasable","19":"product-type-variable","20":"has-default-attributes"},"_links":{"self":[{"href":"https:\/\/lucacastelli.com\/de\/wp-json\/wp\/v2\/product\/509567","targetHints":{"allow":["GET"]}}],"collection":[{"href":"https:\/\/lucacastelli.com\/de\/wp-json\/wp\/v2\/product"}],"about":[{"href":"https:\/\/lucacastelli.com\/de\/wp-json\/wp\/v2\/types\/product"}],"wp:featuredmedia":[{"embeddable":true,"href":"https:\/\/lucacastelli.com\/de\/wp-json\/wp\/v2\/media\/509604"}],"wp:attachment":[{"href":"https:\/\/lucacastelli.com\/de\/wp-json\/wp\/v2\/media?parent=509567"}],"wp:term":[{"taxonomy":"product_brand","embeddable":true,"href":"https:\/\/lucacastelli.com\/de\/wp-json\/wp\/v2\/product_brand?post=509567"},{"taxonomy":"product_cat","embeddable":true,"href":"https:\/\/lucacastelli.com\/de\/wp-json\/wp\/v2\/product_cat?post=509567"},{"taxonomy":"product_tag","embeddable":true,"href":"https:\/\/lucacastelli.com\/de\/wp-json\/wp\/v2\/product_tag?post=509567"}],"curies":[{"name":"wp","href":"https:\/\/api.w.org\/{rel}","templated":true}]}}