{"id":509393,"date":"2025-07-24T07:04:35","date_gmt":"2025-07-24T05:04:35","guid":{"rendered":"https:\/\/lucacastelli.com\/?post_type=product&#038;p=509393"},"modified":"2026-04-16T01:22:35","modified_gmt":"2026-04-15T23:22:35","slug":"pfanner-ventilation-konigsblaue-schutzhose-copia-copia","status":"publish","type":"product","link":"https:\/\/lucacastelli.com\/de\/produkt\/pfanner-ventilation-konigsblaue-schutzhose-copia-copia\/","title":{"rendered":"PFANNER Globe Outdoorhose waldgr\u00fcn"},"content":{"rendered":"<p>Die Globe Outdoor Hose ist perfekt f\u00fcr anspruchsvollste Outdoor-Aktivit\u00e4ten in jeder Hinsicht. Maximale Bewegungsfreiheit und wasserabweisendes, schmutzabweisendes Gewebe, alles bei extrem geringem Gewicht. Das Gewebe ist sehr atmungsaktiv und strapazierf\u00e4hig. Die Kevlar-Verst\u00e4rkung an den Knien und an den Beininnenseiten erh\u00f6ht die Haltbarkeit und bietet zus\u00e4tzlichen Schutz beim Klettern. Die abnehmbaren Gamaschen sch\u00fctzen vor Zecken, Schmutz und Schnee. Dank dieser Gamaschen verzichten wir vollst\u00e4ndig auf hautsch\u00e4dliche Impr\u00e4gnierungen und sch\u00fctzen dennoch vor Parasiten.<br \/>\n-StretchAIR\u00ae-Technologie<br \/>\n-Abnehmbare Gamaschen<br \/>\n-Kevlar-Verst\u00e4rkungen an den Knien und Beininnenseiten<br \/>\n-Wasserabweisend und schmutzabweisend<br \/>\n-Schnelltrocknend<br \/>\n-Reflektierende Streifen     <\/p>\n<p>Material: 92% Polyamid, 8% Elastan<\/p>\n<p>&nbsp;<\/p>\n<p>&nbsp;<\/p>\n","protected":false},"excerpt":{"rendered":"<p>Die Globe Outdoor Hose ist perfekt f\u00fcr anspruchsvollste Outdoor-Aktivit\u00e4ten in jeder Hinsicht. Maximale Bewegungsfreiheit und wasserabweisendes, schmutzabweisendes Gewebe, alles bei<\/p>\n","protected":false},"featured_media":509421,"template":"","meta":{"_seopress_robots_primary_cat":"none","_seopress_titles_title":"","_seopress_titles_desc":"","_seopress_robots_index":""},"product_brand":[3670],"product_cat":[1382,974,975,82],"product_tag":[],"class_list":{"0":"post-509393","1":"product","2":"type-product","3":"status-publish","4":"has-post-thumbnail","6":"product_brand-pfanner-de","7":"product_cat-arbeitskleidung","8":"product_cat-freizeitkleidung","9":"product_cat-herrenbekleidung","10":"product_cat-kleidung","11":"sws-gruppo-no-gruppo-de","12":"sws-conto-ricavi-merci-rivendita-abbigliamento-de","13":"sws-gruppo-iva-iva81-de","15":"first","16":"instock","17":"shipping-taxable","18":"purchasable","19":"product-type-variable","20":"has-default-attributes"},"_links":{"self":[{"href":"https:\/\/lucacastelli.com\/de\/wp-json\/wp\/v2\/product\/509393","targetHints":{"allow":["GET"]}}],"collection":[{"href":"https:\/\/lucacastelli.com\/de\/wp-json\/wp\/v2\/product"}],"about":[{"href":"https:\/\/lucacastelli.com\/de\/wp-json\/wp\/v2\/types\/product"}],"wp:featuredmedia":[{"embeddable":true,"href":"https:\/\/lucacastelli.com\/de\/wp-json\/wp\/v2\/media\/509421"}],"wp:attachment":[{"href":"https:\/\/lucacastelli.com\/de\/wp-json\/wp\/v2\/media?parent=509393"}],"wp:term":[{"taxonomy":"product_brand","embeddable":true,"href":"https:\/\/lucacastelli.com\/de\/wp-json\/wp\/v2\/product_brand?post=509393"},{"taxonomy":"product_cat","embeddable":true,"href":"https:\/\/lucacastelli.com\/de\/wp-json\/wp\/v2\/product_cat?post=509393"},{"taxonomy":"product_tag","embeddable":true,"href":"https:\/\/lucacastelli.com\/de\/wp-json\/wp\/v2\/product_tag?post=509393"}],"curies":[{"name":"wp","href":"https:\/\/api.w.org\/{rel}","templated":true}]}}