{"id":509088,"date":"2026-03-04T00:01:41","date_gmt":"2026-03-03T23:01:41","guid":{"rendered":"https:\/\/lucacastelli.com\/prodotto\/stihl-bga-60-mit-ak-30-s-und-al-101\/"},"modified":"2026-05-08T14:08:32","modified_gmt":"2026-05-08T12:08:32","slug":"stihl-bga-60-mit-ak-30-s-und-al-101","status":"publish","type":"product","link":"https:\/\/lucacastelli.com\/de\/produkt\/stihl-bga-60-mit-ak-30-s-und-al-101\/","title":{"rendered":"STIHL BGA 60, mit AK 30 S und AL 101"},"content":{"rendered":"<p>Das leistungsst\u00e4rkste Akku-Blasger\u00e4t im STIHL AK-System. Ideal zum Zusammenblasen von Laub, Papier und anderem Unrat rund um das Haus. Variable Einstellung der Blaskraft mit zus\u00e4tzlichem Boost-Modus f\u00fcr eine bis zu 60 % h\u00f6here Blasleistung im Vergleich zum BGA 57. Leistungsstarker und langlebiger EC-Motor, Rundd\u00fcse, l\u00e4ngenverstellbares Blasrohr mit Metallring als Verschlei\u00dfschutz.<br \/>\n886661517893   <\/p>\n<p>Nennspannung 36<br \/>\nAkkusystem Akkusystem<\/p>\n<p>Ger\u00e4tegewicht Ger\u00e4tegewicht<br \/>\nIP-Schutzgrad N\/A<br \/>\nMax. Luftgeschwindigkeit mit Rundd\u00fcse 69,0<\/p>\n","protected":false},"excerpt":{"rendered":"<p>BGA 60, mit AK 30 S und AL 101<\/p>\n","protected":false},"featured_media":423939,"template":"","meta":{"_seopress_robots_primary_cat":"none","_seopress_titles_title":"","_seopress_titles_desc":"","_seopress_robots_index":""},"product_brand":[3554],"product_cat":[169,1641,1654],"product_tag":[3266],"class_list":{"0":"post-509088","1":"product","2":"type-product","3":"status-publish","4":"has-post-thumbnail","6":"product_brand-stihl-de","7":"product_cat-maschinen","8":"product_cat-geblase-und-staubsauger","9":"product_cat-akku-geblase","10":"product_tag-import-stihl-de","11":"sws-gruppo-macchinari-de","12":"sws-conto-ricavi-merci-rivendita-macchinari-de","13":"sws-gruppo-iva-iva81-de","15":"first","16":"instock","17":"sale","18":"purchasable","19":"product-type-simple"},"_links":{"self":[{"href":"https:\/\/lucacastelli.com\/de\/wp-json\/wp\/v2\/product\/509088","targetHints":{"allow":["GET"]}}],"collection":[{"href":"https:\/\/lucacastelli.com\/de\/wp-json\/wp\/v2\/product"}],"about":[{"href":"https:\/\/lucacastelli.com\/de\/wp-json\/wp\/v2\/types\/product"}],"wp:featuredmedia":[{"embeddable":true,"href":"https:\/\/lucacastelli.com\/de\/wp-json\/wp\/v2\/media\/423939"}],"wp:attachment":[{"href":"https:\/\/lucacastelli.com\/de\/wp-json\/wp\/v2\/media?parent=509088"}],"wp:term":[{"taxonomy":"product_brand","embeddable":true,"href":"https:\/\/lucacastelli.com\/de\/wp-json\/wp\/v2\/product_brand?post=509088"},{"taxonomy":"product_cat","embeddable":true,"href":"https:\/\/lucacastelli.com\/de\/wp-json\/wp\/v2\/product_cat?post=509088"},{"taxonomy":"product_tag","embeddable":true,"href":"https:\/\/lucacastelli.com\/de\/wp-json\/wp\/v2\/product_tag?post=509088"}],"curies":[{"name":"wp","href":"https:\/\/api.w.org\/{rel}","templated":true}]}}